{"id":16413,"date":"2024-04-11T20:24:58","date_gmt":"2024-04-12T03:24:58","guid":{"rendered":"https:\/\/violencefreecolorado.org\/nuestros-programas\/asistencia-tecnica-y-formacion\/instrucciones-del-centro-de-aprendizaje-online\/"},"modified":"2026-04-07T09:06:34","modified_gmt":"2026-04-07T16:06:34","slug":"instrucciones-del-centro-de-aprendizaje-online","status":"publish","type":"page","link":"https:\/\/violencefreecolorado.org\/es\/nuestros-programas\/asistencia-tecnica-y-formacion\/instrucciones-del-centro-de-aprendizaje-online\/","title":{"rendered":"Instrucciones del Centro de Aprendizaje Online"},"content":{"rendered":"\t\t<div data-elementor-type=\"wp-page\" data-elementor-id=\"16413\" class=\"elementor elementor-16413 elementor-1903\" data-elementor-post-type=\"page\">\n\t\t\t\t<div class=\"elementor-element elementor-element-1fae2c8 center e-flex e-con-boxed elementor-invisible e-con e-parent\" data-id=\"1fae2c8\" data-element_type=\"container\" data-e-type=\"container\" id=\"page-heading\" data-settings=\"{&quot;background_background&quot;:&quot;classic&quot;,&quot;animation&quot;:&quot;fadeIn&quot;}\">\n\t\t\t\t\t<div class=\"e-con-inner\">\n\t\t\t\t<div class=\"elementor-element elementor-element-091e67f exad-sticky-section-no exad-glass-effect-no elementor-widget elementor-widget-heading\" data-id=\"091e67f\" data-element_type=\"widget\" data-e-type=\"widget\" data-widget_type=\"heading.default\">\n\t\t\t\t<div class=\"elementor-widget-container\">\n\t\t\t\t\t<h1 class=\"elementor-heading-title elementor-size-default\">Instrucciones del Centro de Aprendizaje Online<\/h1>\t\t\t\t<\/div>\n\t\t\t\t<\/div>\n\t\t\t\t\t<\/div>\n\t\t\t\t<\/div>\n\t\t<div class=\"elementor-element elementor-element-f91efeb e-flex e-con-boxed elementor-invisible e-con e-parent\" data-id=\"f91efeb\" data-element_type=\"container\" data-e-type=\"container\" data-settings=\"{&quot;animation&quot;:&quot;fadeInUp&quot;}\">\n\t\t\t\t\t<div class=\"e-con-inner\">\n\t\t<div class=\"elementor-element elementor-element-4c6d91b e-con-full e-flex e-con e-child\" data-id=\"4c6d91b\" data-element_type=\"container\" data-e-type=\"container\">\n\t\t\t\t<div class=\"elementor-element elementor-element-f23d555 p-22 exad-sticky-section-no exad-glass-effect-no elementor-widget elementor-widget-text-editor\" data-id=\"f23d555\" data-element_type=\"widget\" data-e-type=\"widget\" data-widget_type=\"text-editor.default\">\n\t\t\t\t<div class=\"elementor-widget-container\">\n\t\t\t\t\t\t\t\t\t<p>Gracias por tu inter\u00e9s en la formaci\u00f3n de Colorado Libre de Violencia para CFI \/ PRE. Sigue las siguientes instrucciones para acceder al Centro de Aprendizaje Online (OLC) y realizar el pago para acceder a la formaci\u00f3n. <\/p>\t\t\t\t\t\t\t\t<\/div>\n\t\t\t\t<\/div>\n\t\t\t\t<\/div>\n\t\t\t\t\t<\/div>\n\t\t\t\t<\/div>\n\t\t<div class=\"elementor-element elementor-element-c394d75 e-flex e-con-boxed elementor-invisible e-con e-parent\" data-id=\"c394d75\" data-element_type=\"container\" data-e-type=\"container\" data-settings=\"{&quot;animation&quot;:&quot;fadeInUp&quot;}\">\n\t\t\t\t\t<div class=\"e-con-inner\">\n\t\t\t\t<div class=\"elementor-element elementor-element-d7770e7 with-bg-lines exad-sticky-section-no exad-glass-effect-no elementor-invisible elementor-widget elementor-widget-heading\" data-id=\"d7770e7\" data-element_type=\"widget\" data-e-type=\"widget\" data-settings=\"{&quot;_animation&quot;:&quot;fadeInUp&quot;}\" data-widget_type=\"heading.default\">\n\t\t\t\t<div class=\"elementor-widget-container\">\n\t\t\t\t\t<h2 class=\"elementor-heading-title elementor-size-default\"> <span class=\"sub\">Cfi \/ Pre<\/span>\n <span class=\"main\">Instrucciones<\/span><\/h2>\t\t\t\t<\/div>\n\t\t\t\t<\/div>\n\t\t\t\t\t<\/div>\n\t\t\t\t<\/div>\n\t\t<div class=\"elementor-element elementor-element-cc35c8f e-flex e-con-boxed elementor-invisible e-con e-parent\" data-id=\"cc35c8f\" data-element_type=\"container\" data-e-type=\"container\" data-settings=\"{&quot;animation&quot;:&quot;fadeInUp&quot;}\">\n\t\t\t\t\t<div class=\"e-con-inner\">\n\t\t<div class=\"elementor-element elementor-element-37e75e2 e-con-full e-flex e-con e-child\" data-id=\"37e75e2\" data-element_type=\"container\" data-e-type=\"container\" id=\"instruction-list\">\n\t\t\t\t<div class=\"elementor-element elementor-element-367d7c7 elementor-icon-list--layout-traditional elementor-list-item-link-full_width exad-sticky-section-no exad-glass-effect-no elementor-widget elementor-widget-icon-list\" data-id=\"367d7c7\" data-element_type=\"widget\" data-e-type=\"widget\" data-widget_type=\"icon-list.default\">\n\t\t\t\t<div class=\"elementor-widget-container\">\n\t\t\t\t\t\t\t<ul class=\"elementor-icon-list-items\">\n\t\t\t\t\t\t\t<li class=\"elementor-icon-list-item\">\n\t\t\t\t\t\t\t\t\t\t\t<span class=\"elementor-icon-list-icon\">\n\t\t\t\t\t\t\t<svg xmlns=\"http:\/\/www.w3.org\/2000\/svg\" width=\"40\" height=\"40\" viewBox=\"0 0 40 40\" fill=\"none\"><rect width=\"40\" height=\"40\" rx=\"20\" fill=\"#592D83\"><\/rect><path d=\"M15.676 12.6H21.792V28H18.932V14.998H15.676V12.6Z\" fill=\"white\"><\/path><\/svg>\t\t\t\t\t\t<\/span>\n\t\t\t\t\t\t\t\t\t\t<span class=\"elementor-icon-list-text\">Abre un <strong>navegador de Internet<\/strong> como Google Chrome, Microsoft Edge o Safari.<\/span>\n\t\t\t\t\t\t\t\t\t<\/li>\n\t\t\t\t\t\t\t\t<li class=\"elementor-icon-list-item\">\n\t\t\t\t\t\t\t\t\t\t\t<span class=\"elementor-icon-list-icon\">\n\t\t\t\t\t\t\t<svg xmlns=\"http:\/\/www.w3.org\/2000\/svg\" width=\"40\" height=\"40\" viewBox=\"0 0 40 40\" fill=\"none\"><rect width=\"40\" height=\"40\" rx=\"20\" fill=\"#592D83\"><\/rect><path d=\"M18.362 25.58H25.622V28H14.27V26.086L20.386 20.278C21.882 18.848 22.146 17.946 22.146 17.088C22.146 15.68 21.178 14.866 19.286 14.866C17.79 14.866 16.536 15.372 15.678 16.472L13.676 14.932C14.864 13.326 16.998 12.38 19.528 12.38C22.872 12.38 25.028 14.074 25.028 16.802C25.028 18.298 24.61 19.662 22.476 21.664L18.362 25.58Z\" fill=\"white\"><\/path><\/svg>\t\t\t\t\t\t<\/span>\n\t\t\t\t\t\t\t\t\t\t<span class=\"elementor-icon-list-text\">Navega hasta <a href=\"https:\/\/violencefreecoloradoonlinelearningcenter.talentlms.com\/plus\/login\" target=\"_blank\">el Centro de Aprendizaje Online de Colorado Libre de Violencia.<\/a><\/span>\n\t\t\t\t\t\t\t\t\t<\/li>\n\t\t\t\t\t\t\t\t<li class=\"elementor-icon-list-item\">\n\t\t\t\t\t\t\t\t\t\t\t<span class=\"elementor-icon-list-icon\">\n\t\t\t\t\t\t\t<svg xmlns=\"http:\/\/www.w3.org\/2000\/svg\" width=\"40\" height=\"40\" viewBox=\"0 0 40 40\" fill=\"none\"><rect width=\"40\" height=\"40\" rx=\"20\" fill=\"#592D83\"><\/rect><path d=\"M21.024 18.958C23.928 19.332 25.402 21.07 25.402 23.38C25.402 25.976 23.444 28.22 19.308 28.22C17.13 28.22 14.952 27.56 13.522 26.438L14.754 24.216C15.854 25.14 17.526 25.734 19.264 25.734C21.31 25.734 22.52 24.832 22.52 23.402C22.52 22.016 21.508 21.114 19.176 21.114H17.768V19.156L21.266 14.998H14.27V12.6H24.764V14.514L21.024 18.958Z\" fill=\"white\"><\/path><\/svg>\t\t\t\t\t\t<\/span>\n\t\t\t\t\t\t\t\t\t\t<span class=\"elementor-icon-list-text\">Haz clic en <strong>\"Iniciar sesi\u00f3n\"<\/strong> en la esquina superior derecha de la pantalla si ya tienes una cuenta.<\/span>\n\t\t\t\t\t\t\t\t\t<\/li>\n\t\t\t\t\t\t\t\t<li class=\"elementor-icon-list-item\">\n\t\t\t\t\t\t\t\t\t\t\t<span class=\"elementor-icon-list-icon\">\n\t\t\t\t\t\t\t<svg xmlns=\"http:\/\/www.w3.org\/2000\/svg\" width=\"40\" height=\"40\" viewBox=\"0 0 40 40\" fill=\"none\"><rect width=\"40\" height=\"40\" rx=\"20\" fill=\"#592D83\"><\/rect><path d=\"M27.196 22.082V24.502H24.468V28H21.696V24.502H13.248V22.522L20.838 12.6H23.896L16.746 22.082H21.784V18.98H24.468V22.082H27.196Z\" fill=\"white\"><\/path><\/svg>\t\t\t\t\t\t<\/span>\n\t\t\t\t\t\t\t\t\t\t<span class=\"elementor-icon-list-text\">Introduce tu <strong>nombre de usuario<\/strong> y <strong>contrase\u00f1a.<\/strong><\/span>\n\t\t\t\t\t\t\t\t\t<\/li>\n\t\t\t\t\t\t<\/ul>\n\t\t\t\t\t\t<\/div>\n\t\t\t\t<\/div>\n\t\t\t\t<\/div>\n\t\t<div class=\"elementor-element elementor-element-ef9fe02 e-con-full e-flex e-con e-child\" data-id=\"ef9fe02\" data-element_type=\"container\" data-e-type=\"container\">\n\t\t\t\t<div class=\"elementor-element elementor-element-ce2ee7e exad-sticky-section-no exad-glass-effect-no elementor-widget elementor-widget-image\" data-id=\"ce2ee7e\" data-element_type=\"widget\" data-e-type=\"widget\" data-widget_type=\"image.default\">\n\t\t\t\t<div class=\"elementor-widget-container\">\n\t\t\t\t\t\t\t\t\t\t\t\t\t\t\t<img fetchpriority=\"high\" decoding=\"async\" width=\"583\" height=\"526\" src=\"https:\/\/violencefreecolorado.org\/wp-content\/uploads\/2024\/09\/Steps-1-4-Screenshot-1.png\" class=\"attachment-full size-full wp-image-16415\" alt=\"gr\u00e1fico instructivo con los pasos 1-4\" srcset=\"https:\/\/violencefreecolorado.org\/wp-content\/uploads\/2024\/09\/Steps-1-4-Screenshot-1.png 583w, https:\/\/violencefreecolorado.org\/wp-content\/uploads\/2024\/09\/Steps-1-4-Screenshot-1-300x271.png 300w\" sizes=\"(max-width: 583px) 100vw, 583px\" \/>\t\t\t\t\t\t\t\t\t\t\t\t\t\t\t<\/div>\n\t\t\t\t<\/div>\n\t\t\t\t<\/div>\n\t\t\t\t\t<\/div>\n\t\t\t\t<\/div>\n\t\t<div class=\"elementor-element elementor-element-6e86ed6 e-flex e-con-boxed elementor-invisible e-con e-parent\" data-id=\"6e86ed6\" data-element_type=\"container\" data-e-type=\"container\" id=\"instruction-list\" data-settings=\"{&quot;animation&quot;:&quot;fadeInUp&quot;}\">\n\t\t\t\t\t<div class=\"e-con-inner\">\n\t\t<div class=\"elementor-element elementor-element-7ba6a9f e-con-full e-flex e-con e-child\" data-id=\"7ba6a9f\" data-element_type=\"container\" data-e-type=\"container\">\n\t\t\t\t<div class=\"elementor-element elementor-element-4302778 elementor-icon-list--layout-traditional elementor-list-item-link-full_width exad-sticky-section-no exad-glass-effect-no elementor-widget elementor-widget-icon-list\" data-id=\"4302778\" data-element_type=\"widget\" data-e-type=\"widget\" data-widget_type=\"icon-list.default\">\n\t\t\t\t<div class=\"elementor-widget-container\">\n\t\t\t\t\t\t\t<ul class=\"elementor-icon-list-items\">\n\t\t\t\t\t\t\t<li class=\"elementor-icon-list-item\">\n\t\t\t\t\t\t\t\t\t\t\t<span class=\"elementor-icon-list-icon\">\n\t\t\t\t\t\t\t<svg xmlns=\"http:\/\/www.w3.org\/2000\/svg\" width=\"40\" height=\"41\" viewBox=\"0 0 40 41\" fill=\"none\"><rect y=\"0.5\" width=\"40\" height=\"40\" rx=\"20\" fill=\"#592D83\"><\/rect><path d=\"M19.286 19.062C23.84 19.062 25.666 21.042 25.666 23.77C25.666 26.476 23.708 28.72 19.572 28.72C17.394 28.72 15.194 28.06 13.786 26.938L14.996 24.716C16.118 25.64 17.79 26.234 19.528 26.234C21.574 26.234 22.784 25.332 22.784 23.88C22.784 22.406 21.838 21.482 18.648 21.482H14.93L15.722 13.1H24.764V15.498H18.142L17.812 19.062H19.286Z\" fill=\"white\"><\/path><\/svg>\t\t\t\t\t\t<\/span>\n\t\t\t\t\t\t\t\t\t\t<span class=\"elementor-icon-list-text\">Selecciona <strong>\"Cat\u00e1logo de cursos\"<\/strong> en el men\u00fa de la derecha de la pantalla.<\/span>\n\t\t\t\t\t\t\t\t\t<\/li>\n\t\t\t\t\t\t\t\t<li class=\"elementor-icon-list-item\">\n\t\t\t\t\t\t\t\t\t\t\t<span class=\"elementor-icon-list-icon\">\n\t\t\t\t\t\t\t<svg xmlns=\"http:\/\/www.w3.org\/2000\/svg\" width=\"40\" height=\"41\" viewBox=\"0 0 40 41\" fill=\"none\"><rect y=\"0.5\" width=\"40\" height=\"40\" rx=\"20\" fill=\"#592D83\"><\/rect><path d=\"M20.964 18.996C24 18.996 26.266 20.844 26.266 23.726C26.266 26.784 23.78 28.72 20.634 28.72C16.432 28.72 13.968 26.014 13.968 21.064C13.968 15.784 17.048 12.88 21.514 12.88C23.054 12.88 24.528 13.21 25.562 13.87L24.506 16.026C23.67 15.476 22.658 15.278 21.58 15.278C18.676 15.278 16.85 17.082 16.85 20.58V20.602C17.774 19.524 19.248 18.996 20.964 18.996ZM20.48 26.476C22.262 26.476 23.494 25.464 23.494 23.858C23.494 22.252 22.284 21.24 20.414 21.24C18.566 21.24 17.29 22.362 17.29 23.88C17.29 25.332 18.434 26.476 20.48 26.476Z\" fill=\"white\"><\/path><\/svg>\t\t\t\t\t\t<\/span>\n\t\t\t\t\t\t\t\t\t\t<span class=\"elementor-icon-list-text\">Tienes <strong>tres cursos disponibles<\/strong> en la categor\u00eda Formaci\u00f3n CFI\/PRE.<\/span>\n\t\t\t\t\t\t\t\t\t<\/li>\n\t\t\t\t\t\t\t\t<li class=\"elementor-icon-list-item\">\n\t\t\t\t\t\t\t\t\t\t\t<span class=\"elementor-icon-list-icon\">\n\t\t\t\t\t\t\t<svg xmlns=\"http:\/\/www.w3.org\/2000\/svg\" width=\"40\" height=\"41\" viewBox=\"0 0 40 41\" fill=\"none\"><rect y=\"0.5\" width=\"40\" height=\"40\" rx=\"20\" fill=\"#592D83\"><\/rect><path d=\"M13.616 13.1H25.584V15.014L19.6 28.5H16.542L22.328 15.52H16.278V18.138H13.616V13.1Z\" fill=\"white\"><\/path><\/svg>\t\t\t\t\t\t<\/span>\n\t\t\t\t\t\t\t\t\t\t<span class=\"elementor-icon-list-text\"><strong>Selecciona el curso<\/strong> en el que quieres matricularte haciendo clic en el bot\u00f3n con la imagen y el t\u00edtulo del curso.<\/span>\n\t\t\t\t\t\t\t\t\t<\/li>\n\t\t\t\t\t\t<\/ul>\n\t\t\t\t\t\t<\/div>\n\t\t\t\t<\/div>\n\t\t\t\t<\/div>\n\t\t<div class=\"elementor-element elementor-element-c8b9004 e-con-full e-flex e-con e-child\" data-id=\"c8b9004\" data-element_type=\"container\" data-e-type=\"container\">\n\t\t\t\t<div class=\"elementor-element elementor-element-54aa906 exad-sticky-section-no exad-glass-effect-no elementor-widget elementor-widget-image\" data-id=\"54aa906\" data-element_type=\"widget\" data-e-type=\"widget\" data-widget_type=\"image.default\">\n\t\t\t\t<div class=\"elementor-widget-container\">\n\t\t\t\t\t\t\t\t\t\t\t\t\t\t\t<img decoding=\"async\" width=\"583\" height=\"441\" data-src=\"https:\/\/violencefreecolorado.org\/wp-content\/uploads\/2024\/09\/12-Browser-Window.png\" class=\"attachment-full size-full wp-image-16428 lazyload\" alt=\"gr\u00e1fico instructivo con los pasos 5-7\" data-srcset=\"https:\/\/violencefreecolorado.org\/wp-content\/uploads\/2024\/09\/12-Browser-Window.png 583w, https:\/\/violencefreecolorado.org\/wp-content\/uploads\/2024\/09\/12-Browser-Window-300x227.png 300w\" data-sizes=\"(max-width: 583px) 100vw, 583px\" src=\"data:image\/svg+xml;base64,PHN2ZyB3aWR0aD0iMSIgaGVpZ2h0PSIxIiB4bWxucz0iaHR0cDovL3d3dy53My5vcmcvMjAwMC9zdmciPjwvc3ZnPg==\" style=\"--smush-placeholder-width: 583px; --smush-placeholder-aspect-ratio: 583\/441;\" \/>\t\t\t\t\t\t\t\t\t\t\t\t\t\t\t<\/div>\n\t\t\t\t<\/div>\n\t\t\t\t<\/div>\n\t\t\t\t\t<\/div>\n\t\t\t\t<\/div>\n\t\t<div class=\"elementor-element elementor-element-528b8e5 e-flex e-con-boxed elementor-invisible e-con e-parent\" data-id=\"528b8e5\" data-element_type=\"container\" data-e-type=\"container\" data-settings=\"{&quot;animation&quot;:&quot;fadeInUp&quot;}\">\n\t\t\t\t\t<div class=\"e-con-inner\">\n\t\t<div class=\"elementor-element elementor-element-6cf7285 e-con-full e-flex e-con e-child\" data-id=\"6cf7285\" data-element_type=\"container\" data-e-type=\"container\">\n\t\t\t\t<div class=\"elementor-element elementor-element-e22296a elementor-icon-list--layout-traditional elementor-list-item-link-full_width exad-sticky-section-no exad-glass-effect-no elementor-widget elementor-widget-icon-list\" data-id=\"e22296a\" data-element_type=\"widget\" data-e-type=\"widget\" data-widget_type=\"icon-list.default\">\n\t\t\t\t<div class=\"elementor-widget-container\">\n\t\t\t\t\t\t\t<ul class=\"elementor-icon-list-items\">\n\t\t\t\t\t\t\t<li class=\"elementor-icon-list-item\">\n\t\t\t\t\t\t\t\t\t\t\t<span class=\"elementor-icon-list-icon\">\n\t\t\t\t\t\t\t<svg xmlns=\"http:\/\/www.w3.org\/2000\/svg\" width=\"40\" height=\"41\" viewBox=\"0 0 40 41\" fill=\"none\"><rect y=\"0.5\" width=\"40\" height=\"40\" rx=\"20\" fill=\"#592D83\"><\/rect><path d=\"M23.456 20.404C25.062 21.13 25.964 22.384 25.964 24.078C25.964 26.938 23.478 28.72 19.65 28.72C15.822 28.72 13.38 26.938 13.38 24.078C13.38 22.384 14.26 21.13 15.844 20.404C14.612 19.722 13.93 18.622 13.93 17.17C13.93 14.53 16.24 12.88 19.65 12.88C23.082 12.88 25.414 14.53 25.414 17.17C25.414 18.622 24.71 19.722 23.456 20.404ZM19.65 15.124C17.89 15.124 16.746 15.916 16.746 17.302C16.746 18.622 17.846 19.458 19.65 19.458C21.476 19.458 22.598 18.622 22.598 17.302C22.598 15.916 21.41 15.124 19.65 15.124ZM19.65 26.476C21.762 26.476 23.082 25.552 23.082 23.99C23.082 22.472 21.762 21.526 19.65 21.526C17.538 21.526 16.262 22.472 16.262 23.99C16.262 25.552 17.538 26.476 19.65 26.476Z\" fill=\"white\"><\/path><\/svg>\t\t\t\t\t\t<\/span>\n\t\t\t\t\t\t\t\t\t\t<span class=\"elementor-icon-list-text\">Haz clic en el <strong>bot\u00f3n \"Consigue este curso\"<\/strong> para iniciar el proceso de pago.<\/span>\n\t\t\t\t\t\t\t\t\t<\/li>\n\t\t\t\t\t\t\t\t<li class=\"elementor-icon-list-item\">\n\t\t\t\t\t\t\t\t\t\t\t<span class=\"elementor-icon-list-icon\">\n\t\t\t\t\t\t\t<svg xmlns=\"http:\/\/www.w3.org\/2000\/svg\" width=\"40\" height=\"41\" viewBox=\"0 0 40 41\" fill=\"none\"><rect y=\"0.5\" width=\"40\" height=\"40\" rx=\"20\" fill=\"#592D83\"><\/rect><path d=\"M19.16 12.88C23.362 12.88 25.826 15.586 25.826 20.536C25.826 25.816 22.746 28.72 18.28 28.72C16.74 28.72 15.266 28.39 14.232 27.73L15.288 25.574C16.124 26.124 17.136 26.322 18.214 26.322C21.118 26.322 22.944 24.518 22.944 21.02V20.998C22.02 22.076 20.546 22.604 18.83 22.604C15.794 22.604 13.528 20.756 13.528 17.874C13.528 14.816 16.014 12.88 19.16 12.88ZM19.38 20.36C21.228 20.36 22.504 19.238 22.504 17.72C22.504 16.268 21.36 15.124 19.314 15.124C17.532 15.124 16.3 16.136 16.3 17.742C16.3 19.348 17.51 20.36 19.38 20.36Z\" fill=\"white\"><\/path><\/svg>\t\t\t\t\t\t<\/span>\n\t\t\t\t\t\t\t\t\t\t<span class=\"elementor-icon-list-text\">Introduce los datos de tu tarjeta de cr\u00e9dito y pulsa el <strong>bot\u00f3n \"Pagar\";<\/strong> a continuaci\u00f3n, sigue las instrucciones para realizar el pago de forma segura.<\/span>\n\t\t\t\t\t\t\t\t\t<\/li>\n\t\t\t\t\t\t\t\t<li class=\"elementor-icon-list-item\">\n\t\t\t\t\t\t\t\t\t\t\t<span class=\"elementor-icon-list-icon\">\n\t\t\t\t\t\t\t<svg xmlns=\"http:\/\/www.w3.org\/2000\/svg\" width=\"40\" height=\"41\" viewBox=\"0 0 40 41\" fill=\"none\"><rect y=\"0.5\" width=\"40\" height=\"40\" rx=\"20\" fill=\"#592D83\"><\/rect><path d=\"M8.176 13.1H14.292V28.5H11.432V15.498H8.176V13.1ZM23.7709 28.72C20.1189 28.72 17.3469 25.86 17.3469 20.8C17.3469 15.74 20.1189 12.88 23.7709 12.88C27.4449 12.88 30.2169 15.74 30.2169 20.8C30.2169 25.86 27.4449 28.72 23.7709 28.72ZM23.7709 26.234C25.8829 26.234 27.3349 24.518 27.3349 20.8C27.3349 17.082 25.8829 15.366 23.7709 15.366C21.6809 15.366 20.2289 17.082 20.2289 20.8C20.2289 24.518 21.6809 26.234 23.7709 26.234Z\" fill=\"white\"><\/path><\/svg>\t\t\t\t\t\t<\/span>\n\t\t\t\t\t\t\t\t\t\t<span class=\"elementor-icon-list-text\"><strong>Vuelve al Centro de Aprendizaje Online<\/strong>, y deber\u00edas ver que el curso est\u00e1 disponible. Si no es as\u00ed, actualiza la p\u00e1gina o sal del OLC y vuelve a entrar. <\/span>\n\t\t\t\t\t\t\t\t\t<\/li>\n\t\t\t\t\t\t<\/ul>\n\t\t\t\t\t\t<\/div>\n\t\t\t\t<\/div>\n\t\t\t\t<\/div>\n\t\t<div class=\"elementor-element elementor-element-4d0aef4 e-con-full e-flex e-con e-child\" data-id=\"4d0aef4\" data-element_type=\"container\" data-e-type=\"container\">\n\t\t\t\t<div class=\"elementor-element elementor-element-7c42153 exad-sticky-section-no exad-glass-effect-no elementor-widget elementor-widget-image\" data-id=\"7c42153\" data-element_type=\"widget\" data-e-type=\"widget\" data-widget_type=\"image.default\">\n\t\t\t\t<div class=\"elementor-widget-container\">\n\t\t\t\t\t\t\t\t\t\t\t\t\t\t\t<img decoding=\"async\" width=\"583\" height=\"431\" data-src=\"https:\/\/violencefreecolorado.org\/wp-content\/uploads\/2024\/09\/Step-9-Screenshot-1.png\" class=\"attachment-full size-full wp-image-16424 lazyload\" alt=\"gr\u00e1fico instructivo con los pasos 8-9\" data-srcset=\"https:\/\/violencefreecolorado.org\/wp-content\/uploads\/2024\/09\/Step-9-Screenshot-1.png 583w, https:\/\/violencefreecolorado.org\/wp-content\/uploads\/2024\/09\/Step-9-Screenshot-1-300x222.png 300w\" data-sizes=\"(max-width: 583px) 100vw, 583px\" src=\"data:image\/svg+xml;base64,PHN2ZyB3aWR0aD0iMSIgaGVpZ2h0PSIxIiB4bWxucz0iaHR0cDovL3d3dy53My5vcmcvMjAwMC9zdmciPjwvc3ZnPg==\" style=\"--smush-placeholder-width: 583px; --smush-placeholder-aspect-ratio: 583\/431;\" \/>\t\t\t\t\t\t\t\t\t\t\t\t\t\t\t<\/div>\n\t\t\t\t<\/div>\n\t\t\t\t<\/div>\n\t\t\t\t\t<\/div>\n\t\t\t\t<\/div>\n\t\t<div class=\"elementor-element elementor-element-c26b38b member-benefits e-flex e-con-boxed elementor-invisible e-con e-parent\" data-id=\"c26b38b\" data-element_type=\"container\" data-e-type=\"container\" id=\"stay-upto-date\" data-settings=\"{&quot;animation&quot;:&quot;fadeInUp&quot;}\">\n\t\t\t\t\t<div class=\"e-con-inner\">\n\t\t<div class=\"elementor-element elementor-element-8fa022c e-con-full e-flex e-con e-child\" data-id=\"8fa022c\" data-element_type=\"container\" data-e-type=\"container\">\n\t\t<div class=\"elementor-element elementor-element-11a5e6a e-con-full e-flex e-con e-child\" data-id=\"11a5e6a\" data-element_type=\"container\" data-e-type=\"container\">\n\t\t\t\t<div class=\"elementor-element elementor-element-18ba27e elementor-align-center exad-sticky-section-no exad-glass-effect-no elementor-widget elementor-widget-button\" data-id=\"18ba27e\" data-element_type=\"widget\" data-e-type=\"widget\" data-widget_type=\"button.default\">\n\t\t\t\t<div class=\"elementor-widget-container\">\n\t\t\t\t\t\t\t\t\t<div class=\"elementor-button-wrapper\">\n\t\t\t\t\t<a class=\"elementor-button elementor-button-link elementor-size-sm\" href=\"\/wp-content\/uploads\/2024\/09\/CFIPRE-Training-Access-Instructions.pdf\">\n\t\t\t\t\t\t<span class=\"elementor-button-content-wrapper\">\n\t\t\t\t\t\t\t\t\t<span class=\"elementor-button-text\">Descargar las instrucciones en PDF<\/span>\n\t\t\t\t\t<\/span>\n\t\t\t\t\t<\/a>\n\t\t\t\t<\/div>\n\t\t\t\t\t\t\t\t<\/div>\n\t\t\t\t<\/div>\n\t\t\t\t<\/div>\n\t\t\t\t<\/div>\n\t\t<div class=\"elementor-element elementor-element-e9dc7ba e-con-full e-flex e-con e-child\" data-id=\"e9dc7ba\" data-element_type=\"container\" data-e-type=\"container\">\n\t\t\t\t<div class=\"elementor-element elementor-element-4f16b10 elementor-position-inline-end elementor-tablet-position-inline-end elementor-mobile-position-inline-end elementor-view-default exad-sticky-section-no exad-glass-effect-no elementor-widget elementor-widget-icon-box\" data-id=\"4f16b10\" data-element_type=\"widget\" data-e-type=\"widget\" data-widget_type=\"icon-box.default\">\n\t\t\t\t<div class=\"elementor-widget-container\">\n\t\t\t\t\t\t\t<div class=\"elementor-icon-box-wrapper\">\n\n\t\t\t\t\t\t<div class=\"elementor-icon-box-icon\">\n\t\t\t\t<span  class=\"elementor-icon\">\n\t\t\t\t<svg aria-hidden=\"true\" class=\"e-font-icon-svg e-fas-chevron-circle-right\" viewBox=\"0 0 512 512\" xmlns=\"http:\/\/www.w3.org\/2000\/svg\"><path d=\"M256 8c137 0 248 111 248 248S393 504 256 504 8 393 8 256 119 8 256 8zm113.9 231L234.4 103.5c-9.4-9.4-24.6-9.4-33.9 0l-17 17c-9.4 9.4-9.4 24.6 0 33.9L285.1 256 183.5 357.6c-9.4 9.4-9.4 24.6 0 33.9l17 17c9.4 9.4 24.6 9.4 33.9 0L369.9 273c9.4-9.4 9.4-24.6 0-34z\"><\/path><\/svg>\t\t\t\t<\/span>\n\t\t\t<\/div>\n\t\t\t\n\t\t\t\t\t\t<div class=\"elementor-icon-box-content\">\n\n\t\t\t\t\t\t\t\t\t<h3 class=\"elementor-icon-box-title\">\n\t\t\t\t\t\t<span  >\n\t\t\t\t\t\t\t<a href=\"https:\/\/violencefreecolorado.org\/es\/quienes-somos\/ponte-en-contacto-con\/\">Si tienes problemas para acceder a tu curso, ponte en contacto con nosotros<\/a>\t\t\t\t\t\t<\/span>\n\t\t\t\t\t<\/h3>\n\t\t\t\t\n\t\t\t\t\n\t\t\t<\/div>\n\t\t\t\n\t\t<\/div>\n\t\t\t\t\t\t<\/div>\n\t\t\t\t<\/div>\n\t\t\t\t<\/div>\n\t\t\t\t\t<\/div>\n\t\t\t\t<\/div>\n\t\t\t\t<\/div>\n\t\t","protected":false},"excerpt":{"rendered":"<p>Instrucciones del Centro de Aprendizaje Online Gracias por tu inter\u00e9s en la formaci\u00f3n de Colorado Libre de Violencia para CFI \/ PRE. Sigue las siguientes instrucciones para acceder al Centro [&hellip;]<\/p>\n","protected":false},"author":1,"featured_media":0,"parent":16221,"menu_order":0,"comment_status":"closed","ping_status":"closed","template":"","meta":{"_acf_changed":false,"inline_featured_image":false,"site-sidebar-layout":"no-sidebar","site-content-layout":"","ast-site-content-layout":"full-width-container","site-content-style":"default","site-sidebar-style":"default","ast-global-header-display":"","ast-banner-title-visibility":"","ast-main-header-display":"","ast-hfb-above-header-display":"","ast-hfb-below-header-display":"","ast-hfb-mobile-header-display":"","site-post-title":"disabled","ast-breadcrumbs-content":"","ast-featured-img":"disabled","footer-sml-layout":"","ast-disable-related-posts":"","theme-transparent-header-meta":"","adv-header-id-meta":"","stick-header-meta":"","header-above-stick-meta":"","header-main-stick-meta":"","header-below-stick-meta":"","astra-migrate-meta-layouts":"default","ast-page-background-enabled":"default","ast-page-background-meta":{"desktop":{"background-color":"var(--ast-global-color-4)","background-image":"","background-repeat":"repeat","background-position":"center center","background-size":"auto","background-attachment":"scroll","background-type":"","background-media":"","overlay-type":"","overlay-color":"","overlay-opacity":"","overlay-gradient":""},"tablet":{"background-color":"","background-image":"","background-repeat":"repeat","background-position":"center center","background-size":"auto","background-attachment":"scroll","background-type":"","background-media":"","overlay-type":"","overlay-color":"","overlay-opacity":"","overlay-gradient":""},"mobile":{"background-color":"","background-image":"","background-repeat":"repeat","background-position":"center center","background-size":"auto","background-attachment":"scroll","background-type":"","background-media":"","overlay-type":"","overlay-color":"","overlay-opacity":"","overlay-gradient":""}},"ast-content-background-meta":{"desktop":{"background-color":"var(--ast-global-color-5)","background-image":"","background-repeat":"repeat","background-position":"center center","background-size":"auto","background-attachment":"scroll","background-type":"","background-media":"","overlay-type":"","overlay-color":"","overlay-opacity":"","overlay-gradient":""},"tablet":{"background-color":"var(--ast-global-color-5)","background-image":"","background-repeat":"repeat","background-position":"center center","background-size":"auto","background-attachment":"scroll","background-type":"","background-media":"","overlay-type":"","overlay-color":"","overlay-opacity":"","overlay-gradient":""},"mobile":{"background-color":"var(--ast-global-color-5)","background-image":"","background-repeat":"repeat","background-position":"center center","background-size":"auto","background-attachment":"scroll","background-type":"","background-media":"","overlay-type":"","overlay-color":"","overlay-opacity":"","overlay-gradient":""}},"footnotes":""},"class_list":["post-16413","page","type-page","status-publish","hentry"],"acf":[],"_links":{"self":[{"href":"https:\/\/violencefreecolorado.org\/es\/wp-json\/wp\/v2\/pages\/16413","targetHints":{"allow":["GET"]}}],"collection":[{"href":"https:\/\/violencefreecolorado.org\/es\/wp-json\/wp\/v2\/pages"}],"about":[{"href":"https:\/\/violencefreecolorado.org\/es\/wp-json\/wp\/v2\/types\/page"}],"author":[{"embeddable":true,"href":"https:\/\/violencefreecolorado.org\/es\/wp-json\/wp\/v2\/users\/1"}],"replies":[{"embeddable":true,"href":"https:\/\/violencefreecolorado.org\/es\/wp-json\/wp\/v2\/comments?post=16413"}],"version-history":[{"count":1,"href":"https:\/\/violencefreecolorado.org\/es\/wp-json\/wp\/v2\/pages\/16413\/revisions"}],"predecessor-version":[{"id":16429,"href":"https:\/\/violencefreecolorado.org\/es\/wp-json\/wp\/v2\/pages\/16413\/revisions\/16429"}],"up":[{"embeddable":true,"href":"https:\/\/violencefreecolorado.org\/es\/wp-json\/wp\/v2\/pages\/16221"}],"wp:attachment":[{"href":"https:\/\/violencefreecolorado.org\/es\/wp-json\/wp\/v2\/media?parent=16413"}],"curies":[{"name":"wp","href":"https:\/\/api.w.org\/{rel}","templated":true}]}}