{"id":16324,"date":"2024-03-05T18:47:35","date_gmt":"2024-03-06T01:47:35","guid":{"rendered":"https:\/\/violencefreecolorado.org\/politica-de-privacidad\/"},"modified":"2026-04-07T09:05:43","modified_gmt":"2026-04-07T16:05:43","slug":"politica-de-privacidad","status":"publish","type":"page","link":"https:\/\/violencefreecolorado.org\/es\/politica-de-privacidad\/","title":{"rendered":"Pol\u00edtica de privacidad"},"content":{"rendered":"\t\t<div data-elementor-type=\"wp-page\" data-elementor-id=\"16324\" class=\"elementor elementor-16324 elementor-100\" data-elementor-post-type=\"page\">\n\t\t\t\t<div class=\"elementor-element elementor-element-21ac507 e-flex e-con-boxed elementor-invisible e-con e-parent\" data-id=\"21ac507\" data-element_type=\"container\" data-e-type=\"container\" id=\"privacy-policy\" data-settings=\"{&quot;background_background&quot;:&quot;classic&quot;,&quot;animation&quot;:&quot;fadeInUp&quot;}\">\n\t\t\t\t\t<div class=\"e-con-inner\">\n\t\t<div class=\"elementor-element elementor-element-89bc4b1 e-flex e-con-boxed elementor-invisible e-con e-child\" data-id=\"89bc4b1\" data-element_type=\"container\" data-e-type=\"container\" data-settings=\"{&quot;animation&quot;:&quot;fadeIn&quot;}\">\n\t\t\t\t\t<div class=\"e-con-inner\">\n\t\t\t\t<div class=\"elementor-element elementor-element-d470fea exad-sticky-section-no exad-glass-effect-no elementor-widget elementor-widget-heading\" data-id=\"d470fea\" data-element_type=\"widget\" data-e-type=\"widget\" data-widget_type=\"heading.default\">\n\t\t\t\t<div class=\"elementor-widget-container\">\n\t\t\t\t\t<h1 class=\"elementor-heading-title elementor-size-default\">Pol\u00edtica de privacidad<\/h1>\t\t\t\t<\/div>\n\t\t\t\t<\/div>\n\t\t\t\t<div class=\"elementor-element elementor-element-1f452e0 lh-30 exad-sticky-section-no exad-glass-effect-no elementor-widget elementor-widget-text-editor\" data-id=\"1f452e0\" data-element_type=\"widget\" data-e-type=\"widget\" data-widget_type=\"text-editor.default\">\n\t\t\t\t<div class=\"elementor-widget-container\">\n\t\t\t\t\t\t\t\t\t<p>Salvaguardar tu privacidad es una prioridad m\u00e1xima para nosotros en Colorado Libre de Violencia. Queremos que todos los visitantes de nuestro sitio web se sientan seguros y c\u00f3modos mientras lo utilizan. T\u00f3mate un momento para revisar la Declaraci\u00f3n de Privacidad que aparece a continuaci\u00f3n, en la que se detalla nuestro compromiso de proteger tu privacidad y c\u00f3mo puedes ayudar a mantener este compromiso.    <\/p><h3>Declaraci\u00f3n de privacidad<\/h3><p>Colorado Libre de Violencia se compromete a proteger tu privacidad y NO revelar\u00e1 informaci\u00f3n personal identificable (\u00abInformaci\u00f3n Personal\u00bb) a terceros, excepto en los casos descritos en esta secci\u00f3n. Cualquier Informaci\u00f3n Personal que proporciones en este sitio web ser\u00e1 tratada de acuerdo con los t\u00e9rminos de esta Declaraci\u00f3n de Privacidad, a menos que se notifique lo contrario. Nunca compartiremos intencionadamente tu Informaci\u00f3n Personal, como tu nombre, direcci\u00f3n, n\u00famero de tel\u00e9fono o direcci\u00f3n de correo electr\u00f3nico, con ning\u00fan tercero sin tu consentimiento, excepto en los casos descritos en esta pol\u00edtica. No est\u00e1s obligado a revelar Informaci\u00f3n Personal para utilizar la mayor\u00eda de las funciones de este sitio.   <\/p><p>Sin embargo, Colorado Libre de Violencia puede revelar Informaci\u00f3n Personal si creemos que es necesario para cumplir con las leyes, reglamentos, \u00f3rdenes de registro, citaciones u \u00f3rdenes judiciales aplicables.<\/p><p>Colorado Libre de Violencia se dedica a proteger tu privacidad. Nos comprometemos a salvaguardar tu informaci\u00f3n personal identificable (\u00abInformaci\u00f3n Personal\u00bb). Excepto en los casos descritos en esta declaraci\u00f3n, no compartimos Informaci\u00f3n Personal con terceros. Cualquier Informaci\u00f3n Personal que proporciones en nuestro sitio web se gestionar\u00e1 de acuerdo con los t\u00e9rminos aqu\u00ed expuestos, a menos que se notifique lo contrario. Nunca compartiremos intencionadamente tu Informaci\u00f3n Personal -como tu nombre, direcci\u00f3n, n\u00famero de tel\u00e9fono o direcci\u00f3n de correo electr\u00f3nico- con terceros sin tu consentimiento expl\u00edcito, excepto en los casos especificados en esta pol\u00edtica. No es necesario que proporciones Datos Personales para utilizar la mayor\u00eda de las funciones de este sitio.     <\/p><p>Tu privacidad es una prioridad para nosotros. S\u00f3lo revelaremos Datos Personales cuando lo exija la ley, un reglamento, una orden de registro, una citaci\u00f3n o una orden judicial. <\/p><p>Si no est\u00e1s de acuerdo con los t\u00e9rminos de esta Declaraci\u00f3n de Privacidad, sal del sitio inmediatamente.<\/p><h3>Recogida de informaci\u00f3n<\/h3><p>Recogemos y almacenamos la informaci\u00f3n que nos proporcionas voluntariamente, junto con los datos relacionados con tu uso del Sitio y de los Servicios, tal y como se detalla a continuaci\u00f3n:<\/p><h3>Informaci\u00f3n personal<\/h3><p>Recogemos Datos Personales cuando te inscribes como miembro, haces un donativo, te inscribes en un acto o formaci\u00f3n de Colorado Libre de Violencia, te suscribes a nuestros listservs o te pones en contacto con nosotros a trav\u00e9s de nuestros formularios online. Esta informaci\u00f3n puede incluir tu nombre, direcci\u00f3n, direcci\u00f3n de correo electr\u00f3nico y otros datos que puedan identificarte. Algunos Datos Personales, como las comunicaciones por correo electr\u00f3nico a trav\u00e9s del Sitio, se almacenar\u00e1n en nuestros servidores ubicados en Estados Unidos. Adem\u00e1s, la informaci\u00f3n sobre donaciones, los datos de correo electr\u00f3nico de los listserv, la informaci\u00f3n de contacto de los miembros y los datos de inscripci\u00f3n a eventos pueden almacenarse en los servidores de nuestros proveedores de servicios externos.   <\/p><div id=\"vfc-accordion\" class=\"mb2\"><ul><li>Tus Datos Personales nos permiten<\/li><li>Comunicarnos contigo a trav\u00e9s de boletines<\/li><li>Tramita tus donativos<\/li><li>Inscribirte en cursos de formaci\u00f3n o eventos<\/li><li>Responder a tus consultas<\/li><li>Proporcionarte informaci\u00f3n sobre nuestros servicios.<\/li><\/ul><\/div><p>ViolenceFreeColorado.org recoge datos agregados sobre el comportamiento de los visitantes del sitio web, pero no solicita ni recoge ninguna informaci\u00f3n personal identificable de los usuarios mientras navegan por nuestro sitio. S\u00f3lo recibimos informaci\u00f3n personal identificable si t\u00fa, el usuario, decides proporcion\u00e1rnosla voluntariamente y con conocimiento de causa. <\/p><p>Colorado Libre de Violencia recopila informaci\u00f3n agregada en parte mediante el registro de \u00abdirecciones IP\u00bb. Cuando tu ordenador se conecta a Internet, la red (como tu proveedor de cable o DSL, compa\u00f1\u00eda telef\u00f3nica, empleador o escuela) asigna a tu ordenador un n\u00famero de \u00abprotocolo de Internet\u00bb o \u00abdirecci\u00f3n IP\u00bb. Analizamos las direcciones IP s\u00f3lo de forma agregada, sin vincularlas a usuarios individuales o a sus direcciones IP espec\u00edficas.  <\/p><p>Cualquier Informaci\u00f3n Personal que nos proporciones, aunque no se haya solicitado espec\u00edficamente (como una direcci\u00f3n de correo electr\u00f3nico), se guarda en un entorno seguro, se trata con el m\u00e1ximo nivel de confidencialidad y no se comparte con terceros, excepto en los casos descritos en esta pol\u00edtica.<\/p><h3>Uso de la informaci\u00f3n<\/h3><p>Violence Free Colorado lleva a cabo an\u00e1lisis estad\u00edsticos del comportamiento y las caracter\u00edsticas de los usuarios para medir el inter\u00e9s y el uso de diversas secciones del sitio web. Por \u00abcomportamiento del usuario\u00bb nos referimos a c\u00f3mo los usuarios navegan de una p\u00e1gina a otra en ViolenceFreeColorado.org. Por ejemplo, si un usuario comienza en la p\u00e1gina de inicio, analizamos si contin\u00faa visitando otras p\u00e1ginas y a qu\u00e9 p\u00e1ginas accede, aunque este an\u00e1lisis s\u00f3lo se realiza de forma agregada y no a nivel de usuarios individuales.  <\/p><p>Por \u00abcaracter\u00edsticas del usuario\u00bb entendemos la informaci\u00f3n no identificativa que describe c\u00f3mo llegan los usuarios al sitio web y c\u00f3mo navegan por \u00e9l (v\u00e9ase \u00abRecogida de informaci\u00f3n\u00bb m\u00e1s arriba).<\/p><h3>Cookies<\/h3><p>Las \u00abcookies\u00bb son peque\u00f1os archivos de texto que un sitio web puede colocar en el disco duro del ordenador de un usuario para recordar las p\u00e1ginas visitadas durante una sesi\u00f3n de navegaci\u00f3n concreta o a lo largo de varias sesiones. Normalmente, las cookies funcionan asignando un n\u00famero \u00fanico al usuario que no tiene ning\u00fan significado fuera del sitio web que est\u00e1 visitando. ViolenceFreeColorado.org utiliza cookies para rastrear el comportamiento del usuario en nuestro sitio web. Los visitantes que prefieran que no se coloquen cookies en su ordenador pueden desactivarlas a trav\u00e9s de la configuraci\u00f3n de su navegador*. Sin embargo, desactivar las cookies puede afectar a la funcionalidad de ciertas caracter\u00edsticas de ViolenceFreeColorado.org.    <\/p><p>*Ten en cuenta que las cookies pueden ser visibles para cualquier persona que utilice el mismo ordenador. Si te preocupan las cookies, puedes optar por desactivar el almacenamiento de cookies, utilizar modos de privacidad (como \u00abNavegaci\u00f3n privada\u00bb en Firefox, \u00abModo inc\u00f3gnito\u00bb en Chrome, o modo \u00abInPrivate\u00bb en Internet Explorer), gestionar las cookies y el historial de navegaci\u00f3n despu\u00e9s de tu sesi\u00f3n, o utilizar una m\u00e1quina segura para acceder al sitio. Los controles de privacidad var\u00edan seg\u00fan el navegador y pueden encontrarse en los materiales de soporte y en el contenido de ayuda del navegador.  <\/p><h3>Pol\u00edticas de privacidad de los sitios con enlaces desde Violence Free Colorado.org<\/h3><p>Nuestro sitio puede contener enlaces a otros sitios web (sitios de terceros). El enlace a estos sitios no implica aprobaci\u00f3n, autorizaci\u00f3n o afiliaci\u00f3n con los terceros, ni indica aprobaci\u00f3n de sus pr\u00e1cticas de privacidad o seguridad de la informaci\u00f3n. No controlamos estos sitios externos, que pueden utilizar sus propias cookies o archivos, recopilar datos o solicitarte informaci\u00f3n personal. Se trata de una pr\u00e1ctica habitual en cualquier sitio web con enlaces externos. Si te preocupa c\u00f3mo manejan tu informaci\u00f3n estos sitios de terceros, revisa sus respectivas pol\u00edticas de privacidad.    <\/p>\t\t\t\t\t\t\t\t<\/div>\n\t\t\t\t<\/div>\n\t\t\t\t\t<\/div>\n\t\t\t\t<\/div>\n\t\t\t\t\t<\/div>\n\t\t\t\t<\/div>\n\t\t\t\t<\/div>\n\t\t","protected":false},"excerpt":{"rendered":"<p>Pol\u00edtica de privacidad Salvaguardar tu privacidad es una prioridad m\u00e1xima para nosotros en Colorado Libre de Violencia. Queremos que todos los visitantes de nuestro sitio web se sientan seguros y [&hellip;]<\/p>\n","protected":false},"author":1,"featured_media":0,"parent":0,"menu_order":0,"comment_status":"closed","ping_status":"closed","template":"","meta":{"_acf_changed":false,"inline_featured_image":false,"site-sidebar-layout":"no-sidebar","site-content-layout":"","ast-site-content-layout":"full-width-container","site-content-style":"default","site-sidebar-style":"default","ast-global-header-display":"","ast-banner-title-visibility":"","ast-main-header-display":"","ast-hfb-above-header-display":"","ast-hfb-below-header-display":"","ast-hfb-mobile-header-display":"","site-post-title":"disabled","ast-breadcrumbs-content":"","ast-featured-img":"disabled","footer-sml-layout":"","ast-disable-related-posts":"","theme-transparent-header-meta":"","adv-header-id-meta":"","stick-header-meta":"","header-above-stick-meta":"","header-main-stick-meta":"","header-below-stick-meta":"","astra-migrate-meta-layouts":"default","ast-page-background-enabled":"default","ast-page-background-meta":{"desktop":{"background-color":"var(--ast-global-color-4)","background-image":"","background-repeat":"repeat","background-position":"center center","background-size":"auto","background-attachment":"scroll","background-type":"","background-media":"","overlay-type":"","overlay-color":"","overlay-opacity":"","overlay-gradient":""},"tablet":{"background-color":"","background-image":"","background-repeat":"repeat","background-position":"center center","background-size":"auto","background-attachment":"scroll","background-type":"","background-media":"","overlay-type":"","overlay-color":"","overlay-opacity":"","overlay-gradient":""},"mobile":{"background-color":"","background-image":"","background-repeat":"repeat","background-position":"center center","background-size":"auto","background-attachment":"scroll","background-type":"","background-media":"","overlay-type":"","overlay-color":"","overlay-opacity":"","overlay-gradient":""}},"ast-content-background-meta":{"desktop":{"background-color":"var(--ast-global-color-5)","background-image":"","background-repeat":"repeat","background-position":"center center","background-size":"auto","background-attachment":"scroll","background-type":"","background-media":"","overlay-type":"","overlay-color":"","overlay-opacity":"","overlay-gradient":""},"tablet":{"background-color":"var(--ast-global-color-5)","background-image":"","background-repeat":"repeat","background-position":"center center","background-size":"auto","background-attachment":"scroll","background-type":"","background-media":"","overlay-type":"","overlay-color":"","overlay-opacity":"","overlay-gradient":""},"mobile":{"background-color":"var(--ast-global-color-5)","background-image":"","background-repeat":"repeat","background-position":"center center","background-size":"auto","background-attachment":"scroll","background-type":"","background-media":"","overlay-type":"","overlay-color":"","overlay-opacity":"","overlay-gradient":""}},"footnotes":""},"class_list":["post-16324","page","type-page","status-publish","hentry"],"acf":[],"_links":{"self":[{"href":"https:\/\/violencefreecolorado.org\/es\/wp-json\/wp\/v2\/pages\/16324","targetHints":{"allow":["GET"]}}],"collection":[{"href":"https:\/\/violencefreecolorado.org\/es\/wp-json\/wp\/v2\/pages"}],"about":[{"href":"https:\/\/violencefreecolorado.org\/es\/wp-json\/wp\/v2\/types\/page"}],"author":[{"embeddable":true,"href":"https:\/\/violencefreecolorado.org\/es\/wp-json\/wp\/v2\/users\/1"}],"replies":[{"embeddable":true,"href":"https:\/\/violencefreecolorado.org\/es\/wp-json\/wp\/v2\/comments?post=16324"}],"version-history":[{"count":1,"href":"https:\/\/violencefreecolorado.org\/es\/wp-json\/wp\/v2\/pages\/16324\/revisions"}],"predecessor-version":[{"id":16325,"href":"https:\/\/violencefreecolorado.org\/es\/wp-json\/wp\/v2\/pages\/16324\/revisions\/16325"}],"wp:attachment":[{"href":"https:\/\/violencefreecolorado.org\/es\/wp-json\/wp\/v2\/media?parent=16324"}],"curies":[{"name":"wp","href":"https:\/\/api.w.org\/{rel}","templated":true}]}}