{"id":16318,"date":"2024-03-05T17:47:37","date_gmt":"2024-03-06T00:47:37","guid":{"rendered":"https:\/\/violencefreecolorado.org\/sobre-dv\/que-es-la-vd\/"},"modified":"2026-04-07T09:05:43","modified_gmt":"2026-04-07T16:05:43","slug":"que-es-la-vd","status":"publish","type":"page","link":"https:\/\/violencefreecolorado.org\/es\/sobre-dv\/que-es-la-vd\/","title":{"rendered":"\u00bfQu\u00e9 es la VD?"},"content":{"rendered":"\t\t<div data-elementor-type=\"wp-page\" data-elementor-id=\"16318\" class=\"elementor elementor-16318 elementor-55\" data-elementor-post-type=\"page\">\n\t\t\t\t<div class=\"elementor-element elementor-element-c61d214 e-flex e-con-boxed elementor-invisible e-con e-parent\" data-id=\"c61d214\" data-element_type=\"container\" data-e-type=\"container\" data-settings=\"{&quot;background_background&quot;:&quot;classic&quot;,&quot;animation&quot;:&quot;fadeIn&quot;}\">\n\t\t\t\t\t<div class=\"e-con-inner\">\n\t\t\t\t<div class=\"elementor-element elementor-element-c403791 exad-sticky-section-no exad-glass-effect-no elementor-widget elementor-widget-heading\" data-id=\"c403791\" data-element_type=\"widget\" data-e-type=\"widget\" id=\"page-heading\" data-widget_type=\"heading.default\">\n\t\t\t\t<div class=\"elementor-widget-container\">\n\t\t\t\t\t<h1 class=\"elementor-heading-title elementor-size-default\">\u00bfQu\u00e9 es la VD?<\/h1>\t\t\t\t<\/div>\n\t\t\t\t<\/div>\n\t\t\t\t\t<\/div>\n\t\t\t\t<\/div>\n\t\t<div class=\"elementor-element elementor-element-4451324 e-flex e-con-boxed elementor-invisible e-con e-parent\" data-id=\"4451324\" data-element_type=\"container\" data-e-type=\"container\" id=\"what-is-dv-sec1\" data-settings=\"{&quot;animation&quot;:&quot;fadeInUp&quot;}\">\n\t\t\t\t\t<div class=\"e-con-inner\">\n\t\t<div class=\"elementor-element elementor-element-0d110f1 e-con-full e-flex e-con e-child\" data-id=\"0d110f1\" data-element_type=\"container\" data-e-type=\"container\">\n\t\t\t\t<div class=\"elementor-element elementor-element-111795f exad-sticky-section-no exad-glass-effect-no elementor-widget elementor-widget-heading\" data-id=\"111795f\" data-element_type=\"widget\" data-e-type=\"widget\" data-widget_type=\"heading.default\">\n\t\t\t\t<div class=\"elementor-widget-container\">\n\t\t\t\t\t<h2 class=\"elementor-heading-title elementor-size-default\">Violencia dom\u00e9stica o de pareja...\n<\/h2>\t\t\t\t<\/div>\n\t\t\t\t<\/div>\n\t\t\t\t<div class=\"elementor-element elementor-element-aa29dbd exad-sticky-section-no exad-glass-effect-no elementor-widget elementor-widget-text-editor\" data-id=\"aa29dbd\" data-element_type=\"widget\" data-e-type=\"widget\" data-widget_type=\"text-editor.default\">\n\t\t\t\t<div class=\"elementor-widget-container\">\n\t\t\t\t\t\t\t\t\t<p>&#8230;se refiere a una pauta de comportamientos coercitivos y controladores perpetrados por un miembro de la pareja contra otro en una relaci\u00f3n \u00edntima, ya sea actual o pasada. Los individuos maltratadores suelen utilizar diversas t\u00e1cticas perjudiciales -como el abuso emocional, psicol\u00f3gico, econ\u00f3mico, f\u00edsico y sexual-, as\u00ed como la explotaci\u00f3n de la din\u00e1mica de poder y las normas sociales para mantener el dominio sobre su pareja. <br><br>&#8230;afecta a personas de todos los or\u00edgenes, independientemente de su sexo, sexualidad, raza, etnia, situaci\u00f3n socioecon\u00f3mica, religi\u00f3n, cultura o capacidad. Sin embargo, las personas con identidades marginadas suelen enfrentarse a barreras adicionales a la hora de buscar ayuda, como el estigma, la discriminaci\u00f3n y la falta de recursos culturalmente competentes. <br><br>&#8230;es intr\u00ednsecamente desigual; no es un conflicto mutuo. La responsabilidad del comportamiento abusivo recae exclusivamente en el agresor. Es esencial comprender que el maltrato nunca es culpa del superviviente, y que hay apoyo disponible para quienes desean liberarse de estos ciclos da\u00f1inos.  <\/p>\t\t\t\t\t\t\t\t<\/div>\n\t\t\t\t<\/div>\n\t\t<div class=\"elementor-element elementor-element-8306863 e-con-full e-flex e-con e-child\" data-id=\"8306863\" data-element_type=\"container\" data-e-type=\"container\" data-settings=\"{&quot;background_background&quot;:&quot;classic&quot;}\">\n\t\t\t\t<div class=\"elementor-element elementor-element-7355633 highlights exad-sticky-section-no exad-glass-effect-no elementor-widget elementor-widget-text-editor\" data-id=\"7355633\" data-element_type=\"widget\" data-e-type=\"widget\" data-widget_type=\"text-editor.default\">\n\t\t\t\t<div class=\"elementor-widget-container\">\n\t\t\t\t\t\t\t\t\t<h4>Nuestra postura<\/h4><p><strong>Honramos y respetamos la resistencia innata y la autodeterminaci\u00f3n de las supervivientes y v\u00edctimas de la violencia dom\u00e9stica.  <br><\/strong><\/p><p>Nuestro enfoque se gu\u00eda por la colaboraci\u00f3n con los supervivientes, valorando sus puntos de vista y elevando sus voces. Es imperativo que los esfuerzos contra la violencia se centren y prioricen siempre en torno a los supervivientes y sus necesidades. <\/p>\t\t\t\t\t\t\t\t<\/div>\n\t\t\t\t<\/div>\n\t\t\t\t<\/div>\n\t\t\t\t<\/div>\n\t\t\t\t\t<\/div>\n\t\t\t\t<\/div>\n\t\t<div class=\"elementor-element elementor-element-8eb181b e-flex e-con-boxed e-con e-parent\" data-id=\"8eb181b\" data-element_type=\"container\" data-e-type=\"container\">\n\t\t\t\t\t<div class=\"e-con-inner\">\n\t\t\t\t<div class=\"elementor-element elementor-element-2ef7b58 with-bg-lines exad-sticky-section-no exad-glass-effect-no elementor-invisible elementor-widget elementor-widget-heading\" data-id=\"2ef7b58\" data-element_type=\"widget\" data-e-type=\"widget\" data-settings=\"{&quot;_animation&quot;:&quot;fadeInUp&quot;,&quot;_animation_mobile&quot;:&quot;fadeIn&quot;}\" data-widget_type=\"heading.default\">\n\t\t\t\t<div class=\"elementor-widget-container\">\n\t\t\t\t\t<h2 class=\"elementor-heading-title elementor-size-default\"> <span class=\"main\">CAUSAS DE LA VD<\/span><\/h2>\t\t\t\t<\/div>\n\t\t\t\t<\/div>\n\t\t\t\t\t<\/div>\n\t\t\t\t<\/div>\n\t\t<div class=\"elementor-element elementor-element-f5870b1 e-flex e-con-boxed e-con e-parent\" data-id=\"f5870b1\" data-element_type=\"container\" data-e-type=\"container\" id=\"what-is-dv-sec2\">\n\t\t\t\t\t<div class=\"e-con-inner\">\n\t\t<div class=\"elementor-element elementor-element-992b893 e-con-full e-flex elementor-invisible e-con e-child\" data-id=\"992b893\" data-element_type=\"container\" data-e-type=\"container\" data-settings=\"{&quot;animation&quot;:&quot;fadeIn&quot;}\">\n\t\t\t\t<div class=\"elementor-element elementor-element-789eb4f exad-sticky-section-no exad-glass-effect-no elementor-widget elementor-widget-text-editor\" data-id=\"789eb4f\" data-element_type=\"widget\" data-e-type=\"widget\" data-widget_type=\"text-editor.default\">\n\t\t\t\t<div class=\"elementor-widget-container\">\n\t\t\t\t\t\t\t\t\t<h3>A nivel individual<\/h3><p>Los comportamientos abusivos surgen de valores como el derecho, la superioridad y la posesividad.  <\/p><p>Las dificultades de salud mental no conducen intr\u00ednsecamente a un comportamiento abusivo. Cuando una persona comete malos tratos y, al mismo tiempo, tiene problemas de salud mental, se enfrenta a dos retos distintos: 1) su mentalidad abusiva y 2) su(s) trastorno(s) mental(es).     <\/p><p>Aunque estos dos aspectos pueden entrecruzarse de formas intrincadas para un individuo, es importante reconocer que las causas subyacentes de los problemas de salud mental y los comportamientos abusivos son diferentes.<\/p>\t\t\t\t\t\t\t\t<\/div>\n\t\t\t\t<\/div>\n\t\t\t\t<\/div>\n\t\t<div class=\"elementor-element elementor-element-55ebb0c e-con-full e-flex e-con e-child\" data-id=\"55ebb0c\" data-element_type=\"container\" data-e-type=\"container\">\n\t\t\t\t<div class=\"elementor-element elementor-element-6d67aae exad-sticky-section-no exad-glass-effect-no elementor-invisible elementor-widget elementor-widget-image\" data-id=\"6d67aae\" data-element_type=\"widget\" data-e-type=\"widget\" data-settings=\"{&quot;_animation&quot;:&quot;fadeInRight&quot;,&quot;_animation_mobile&quot;:&quot;fadeIn&quot;}\" data-widget_type=\"image.default\">\n\t\t\t\t<div class=\"elementor-widget-container\">\n\t\t\t\t\t\t\t\t\t\t\t\t\t\t\t<img fetchpriority=\"high\" decoding=\"async\" width=\"439\" height=\"422\" src=\"https:\/\/violencefreecolorado.org\/wp-content\/uploads\/2024\/04\/Individual-Level.png\" class=\"attachment-large size-large wp-image-16321\" alt=\"Un diagrama triangular con tres c\u00edrculos conectados por l\u00edneas discontinuas. Los c\u00edrculos est\u00e1n etiquetados como &quot;DERECHO&quot;, &quot;SUPERIORIDAD&quot; y &quot;POSESIVIDAD&quot;, y est\u00e1n situados en los v\u00e9rtices del tri\u00e1ngulo. El texto y las l\u00edneas est\u00e1n coloreados en morado.\" srcset=\"https:\/\/violencefreecolorado.org\/wp-content\/uploads\/2024\/04\/Individual-Level.png 439w, https:\/\/violencefreecolorado.org\/wp-content\/uploads\/2024\/04\/Individual-Level-300x288.png 300w\" sizes=\"(max-width: 439px) 100vw, 439px\" \/>\t\t\t\t\t\t\t\t\t\t\t\t\t\t\t<\/div>\n\t\t\t\t<\/div>\n\t\t\t\t<\/div>\n\t\t\t\t\t<\/div>\n\t\t\t\t<\/div>\n\t\t<div class=\"elementor-element elementor-element-8c470c7 e-flex e-con-boxed elementor-invisible e-con e-parent\" data-id=\"8c470c7\" data-element_type=\"container\" data-e-type=\"container\" id=\"what-is-dv-sec2\" data-settings=\"{&quot;animation&quot;:&quot;fadeInUp&quot;}\">\n\t\t\t\t\t<div class=\"e-con-inner\">\n\t\t\t\t<div class=\"elementor-element elementor-element-0e4de34 exad-sticky-section-no exad-glass-effect-no elementor-invisible elementor-widget elementor-widget-text-editor\" data-id=\"0e4de34\" data-element_type=\"widget\" data-e-type=\"widget\" data-settings=\"{&quot;_animation&quot;:&quot;fadeIn&quot;}\" data-widget_type=\"text-editor.default\">\n\t\t\t\t<div class=\"elementor-widget-container\">\n\t\t\t\t\t\t\t\t\t<p>Aunque los traumas, especialmente los derivados de experiencias infantiles, pueden contribuir a que una persona est\u00e9 familiarizada con la violencia, no pueden se\u00f1alarse por s\u00ed solos como la \u00fanica causa de los comportamientos abusivos. Muchos individuos que sufren traumas y abusos en la infancia no llegan a perpetrar actos violentos contra sus parejas en el futuro. Abordar s\u00f3lo el trauma infantil, sin enfrentarse tambi\u00e9n a las creencias abusivas del individuo, es poco probable que conduzca al cese del comportamiento violento. Ambos tipos de apoyo son esenciales: uno para curar el trauma y otro para cuestionar y transformar las actitudes abusivas.   <\/p><p>Es poco probable que los esfuerzos que no cuestionan el sentido de derecho, superioridad y posesividad de un individuo aborden y frenen eficazmente sus tendencias abusivas. En consecuencia, intervenciones como el tratamiento por consumo de sustancias, la terapia individual, el asesoramiento a parejas y el control de la ira pueden no resultar eficaces o adecuadas para frenar los comportamientos abusivos. Aunque estas intervenciones podr\u00edan ofrecer algunos beneficios a alguien que comete abusos, a menudo se prescriben como \u00fanica soluci\u00f3n. Esta dependencia de intervenciones inadecuadas perpet\u00faa un malentendido generalizado en la sociedad sobre las causas profundas de las conductas abusivas y sobre c\u00f3mo abordarlas y prevenirlas eficazmente.     <\/p>\t\t\t\t\t\t\t\t<\/div>\n\t\t\t\t<\/div>\n\t\t\t\t\t<\/div>\n\t\t\t\t<\/div>\n\t\t<div class=\"elementor-element elementor-element-f47ff1f e-flex e-con-boxed e-con e-parent\" data-id=\"f47ff1f\" data-element_type=\"container\" data-e-type=\"container\" id=\"what-is-dv-sec3\">\n\t\t\t\t\t<div class=\"e-con-inner\">\n\t\t<div class=\"elementor-element elementor-element-2b32eb7 e-con-full e-flex e-con e-child\" data-id=\"2b32eb7\" data-element_type=\"container\" data-e-type=\"container\">\n\t\t\t\t<div class=\"elementor-element elementor-element-f720bda exad-sticky-section-no exad-glass-effect-no elementor-invisible elementor-widget elementor-widget-image\" data-id=\"f720bda\" data-element_type=\"widget\" data-e-type=\"widget\" data-settings=\"{&quot;_animation&quot;:&quot;fadeInLeft&quot;,&quot;_animation_mobile&quot;:&quot;fadeIn&quot;}\" data-widget_type=\"image.default\">\n\t\t\t\t<div class=\"elementor-widget-container\">\n\t\t\t\t\t\t\t\t\t\t\t\t\t\t\t<img decoding=\"async\" width=\"665\" height=\"482\" data-src=\"https:\/\/violencefreecolorado.org\/wp-content\/uploads\/2024\/04\/Societal-Level.png\" class=\"attachment-large size-large wp-image-16322 lazyload\" alt=\"Un diagrama que muestra c\u00edrculos interconectados etiquetados como &quot;Imperialismo&quot;, &quot;Patriarcado&quot;, &quot;Capitalismo&quot; y &quot;Supremac\u00eda Blanca&quot;. Las l\u00edneas punteadas naranjas indican conexiones entre todos los c\u00edrculos, ilustrando una relaci\u00f3n interrelacionada entre estos conceptos.\" data-srcset=\"https:\/\/violencefreecolorado.org\/wp-content\/uploads\/2024\/04\/Societal-Level.png 665w, https:\/\/violencefreecolorado.org\/wp-content\/uploads\/2024\/04\/Societal-Level-300x217.png 300w\" data-sizes=\"(max-width: 665px) 100vw, 665px\" src=\"data:image\/svg+xml;base64,PHN2ZyB3aWR0aD0iMSIgaGVpZ2h0PSIxIiB4bWxucz0iaHR0cDovL3d3dy53My5vcmcvMjAwMC9zdmciPjwvc3ZnPg==\" style=\"--smush-placeholder-width: 665px; --smush-placeholder-aspect-ratio: 665\/482;\" \/>\t\t\t\t\t\t\t\t\t\t\t\t\t\t\t<\/div>\n\t\t\t\t<\/div>\n\t\t\t\t<\/div>\n\t\t<div class=\"elementor-element elementor-element-33135a2 e-con-full e-flex e-con e-child\" data-id=\"33135a2\" data-element_type=\"container\" data-e-type=\"container\">\n\t\t\t\t<div class=\"elementor-element elementor-element-9690946 exad-sticky-section-no exad-glass-effect-no elementor-invisible elementor-widget elementor-widget-text-editor\" data-id=\"9690946\" data-element_type=\"widget\" data-e-type=\"widget\" data-settings=\"{&quot;_animation&quot;:&quot;fadeIn&quot;}\" data-widget_type=\"text-editor.default\">\n\t\t\t\t<div class=\"elementor-widget-container\">\n\t\t\t\t\t\t\t\t\t<h3>A nivel social<\/h3><p>En Estados Unidos, incluido Colorado, las estructuras sociales jer\u00e1rquicas perpet\u00faan las condiciones en las que pueden florecer la violencia y el maltrato. Para combatir eficazmente la violencia dom\u00e9stica, es imperativo reconocer las interconexiones entre estos sistemas (como el Patriarcado, la supremac\u00eda blanca, el imperialismo, el capitalismo, etc.) y su influencia en la inclinaci\u00f3n de un individuo a recurrir a la violencia. Comprendiendo globalmente estas conexiones, podemos trabajar para establecer nuevos marcos sociales que rechacen y prevengan los comportamientos abusivos.  <\/p>\t\t\t\t\t\t\t\t<\/div>\n\t\t\t\t<\/div>\n\t\t\t\t<\/div>\n\t\t\t\t\t<\/div>\n\t\t\t\t<\/div>\n\t\t\t\t<\/div>\n\t\t","protected":false},"excerpt":{"rendered":"<p>Violencia dom\u00e9stica o de pareja&#8230; &#8230;se refiere a una pauta de comportamientos coercitivos y controladores perpetrados por un miembro de la pareja contra otro en una relaci\u00f3n \u00edntima, ya sea [&hellip;]<\/p>\n","protected":false},"author":1,"featured_media":0,"parent":16275,"menu_order":0,"comment_status":"closed","ping_status":"closed","template":"","meta":{"_acf_changed":false,"inline_featured_image":false,"site-sidebar-layout":"no-sidebar","site-content-layout":"","ast-site-content-layout":"full-width-container","site-content-style":"default","site-sidebar-style":"default","ast-global-header-display":"","ast-banner-title-visibility":"","ast-main-header-display":"","ast-hfb-above-header-display":"","ast-hfb-below-header-display":"","ast-hfb-mobile-header-display":"","site-post-title":"disabled","ast-breadcrumbs-content":"","ast-featured-img":"disabled","footer-sml-layout":"","ast-disable-related-posts":"","theme-transparent-header-meta":"","adv-header-id-meta":"","stick-header-meta":"","header-above-stick-meta":"","header-main-stick-meta":"","header-below-stick-meta":"","astra-migrate-meta-layouts":"default","ast-page-background-enabled":"default","ast-page-background-meta":{"desktop":{"background-color":"var(--ast-global-color-4)","background-image":"","background-repeat":"repeat","background-position":"center center","background-size":"auto","background-attachment":"scroll","background-type":"","background-media":"","overlay-type":"","overlay-color":"","overlay-opacity":"","overlay-gradient":""},"tablet":{"background-color":"","background-image":"","background-repeat":"repeat","background-position":"center center","background-size":"auto","background-attachment":"scroll","background-type":"","background-media":"","overlay-type":"","overlay-color":"","overlay-opacity":"","overlay-gradient":""},"mobile":{"background-color":"","background-image":"","background-repeat":"repeat","background-position":"center center","background-size":"auto","background-attachment":"scroll","background-type":"","background-media":"","overlay-type":"","overlay-color":"","overlay-opacity":"","overlay-gradient":""}},"ast-content-background-meta":{"desktop":{"background-color":"var(--ast-global-color-5)","background-image":"","background-repeat":"repeat","background-position":"center center","background-size":"auto","background-attachment":"scroll","background-type":"","background-media":"","overlay-type":"","overlay-color":"","overlay-opacity":"","overlay-gradient":""},"tablet":{"background-color":"var(--ast-global-color-5)","background-image":"","background-repeat":"repeat","background-position":"center center","background-size":"auto","background-attachment":"scroll","background-type":"","background-media":"","overlay-type":"","overlay-color":"","overlay-opacity":"","overlay-gradient":""},"mobile":{"background-color":"var(--ast-global-color-5)","background-image":"","background-repeat":"repeat","background-position":"center center","background-size":"auto","background-attachment":"scroll","background-type":"","background-media":"","overlay-type":"","overlay-color":"","overlay-opacity":"","overlay-gradient":""}},"footnotes":""},"class_list":["post-16318","page","type-page","status-publish","hentry"],"acf":[],"_links":{"self":[{"href":"https:\/\/violencefreecolorado.org\/es\/wp-json\/wp\/v2\/pages\/16318","targetHints":{"allow":["GET"]}}],"collection":[{"href":"https:\/\/violencefreecolorado.org\/es\/wp-json\/wp\/v2\/pages"}],"about":[{"href":"https:\/\/violencefreecolorado.org\/es\/wp-json\/wp\/v2\/types\/page"}],"author":[{"embeddable":true,"href":"https:\/\/violencefreecolorado.org\/es\/wp-json\/wp\/v2\/users\/1"}],"replies":[{"embeddable":true,"href":"https:\/\/violencefreecolorado.org\/es\/wp-json\/wp\/v2\/comments?post=16318"}],"version-history":[{"count":1,"href":"https:\/\/violencefreecolorado.org\/es\/wp-json\/wp\/v2\/pages\/16318\/revisions"}],"predecessor-version":[{"id":16323,"href":"https:\/\/violencefreecolorado.org\/es\/wp-json\/wp\/v2\/pages\/16318\/revisions\/16323"}],"up":[{"embeddable":true,"href":"https:\/\/violencefreecolorado.org\/es\/wp-json\/wp\/v2\/pages\/16275"}],"wp:attachment":[{"href":"https:\/\/violencefreecolorado.org\/es\/wp-json\/wp\/v2\/media?parent=16318"}],"curies":[{"name":"wp","href":"https:\/\/api.w.org\/{rel}","templated":true}]}}