{"id":16279,"date":"2024-03-25T12:39:57","date_gmt":"2024-03-25T19:39:57","guid":{"rendered":"https:\/\/violencefreecolorado.org\/bolsa-de-trabajo\/"},"modified":"2026-04-07T09:05:27","modified_gmt":"2026-04-07T16:05:27","slug":"bolsa-de-trabajo","status":"publish","type":"page","link":"https:\/\/violencefreecolorado.org\/es\/participa\/bolsa-de-trabajo\/","title":{"rendered":"Bolsa de trabajo"},"content":{"rendered":"\t\t<div data-elementor-type=\"wp-page\" data-elementor-id=\"16279\" class=\"elementor elementor-16279 elementor-1606\" data-elementor-post-type=\"page\">\n\t\t\t\t<div class=\"elementor-element elementor-element-2655da5 e-flex e-con-boxed elementor-invisible e-con e-parent\" data-id=\"2655da5\" data-element_type=\"container\" data-e-type=\"container\" id=\"page-heading\" data-settings=\"{&quot;background_background&quot;:&quot;classic&quot;,&quot;animation&quot;:&quot;fadeIn&quot;}\">\n\t\t\t\t\t<div class=\"e-con-inner\">\n\t\t\t\t<div class=\"elementor-element elementor-element-8fda141 exad-sticky-section-no exad-glass-effect-no elementor-widget elementor-widget-heading\" data-id=\"8fda141\" data-element_type=\"widget\" data-e-type=\"widget\" data-widget_type=\"heading.default\">\n\t\t\t\t<div class=\"elementor-widget-container\">\n\t\t\t\t\t<h1 class=\"elementor-heading-title elementor-size-default\">Bolsa de trabajo<\/h1>\t\t\t\t<\/div>\n\t\t\t\t<\/div>\n\t\t\t\t\t<\/div>\n\t\t\t\t<\/div>\n\t\t<div class=\"elementor-element elementor-element-e235569 e-flex e-con-boxed elementor-invisible e-con e-parent\" data-id=\"e235569\" data-element_type=\"container\" data-e-type=\"container\" data-settings=\"{&quot;animation&quot;:&quot;fadeInUp&quot;}\">\n\t\t\t\t\t<div class=\"e-con-inner\">\n\t\t<div class=\"elementor-element elementor-element-831e1c0 e-con-full e-flex e-con e-child\" data-id=\"831e1c0\" data-element_type=\"container\" data-e-type=\"container\">\n\t\t\t\t<div class=\"elementor-element elementor-element-5388c70 exad-sticky-section-no exad-glass-effect-no elementor-widget elementor-widget-heading\" data-id=\"5388c70\" data-element_type=\"widget\" data-e-type=\"widget\" data-widget_type=\"heading.default\">\n\t\t\t\t<div class=\"elementor-widget-container\">\n\t\t\t\t\t<h3 class=\"elementor-heading-title elementor-size-default\">Normas para publicar en la Bolsa de Trabajo de la Comunidad<\/h3>\t\t\t\t<\/div>\n\t\t\t\t<\/div>\n\t\t\t\t<div class=\"elementor-element elementor-element-273de6e p-22 exad-sticky-section-no exad-glass-effect-no elementor-widget elementor-widget-text-editor\" data-id=\"273de6e\" data-element_type=\"widget\" data-e-type=\"widget\" data-widget_type=\"text-editor.default\">\n\t\t\t\t<div class=\"elementor-widget-container\">\n\t\t\t\t\t\t\t\t\t<p>Nuestra plataforma est\u00e1 disponible para todas las organizaciones y empresas que deseen publicar puestos relacionados con la defensa, la justicia social y\/o la administraci\u00f3n de organizaciones sin \u00e1nimo de lucro. Ten en cuenta que todas las propuestas est\u00e1n sujetas a la aprobaci\u00f3n de Colorado Libre de Violencia antes de ser publicadas. <\/p>\t\t\t\t\t\t\t\t<\/div>\n\t\t\t\t<\/div>\n\t\t\t\t<div class=\"elementor-element elementor-element-e2c0e62 url-btn elementor-align-left exad-sticky-section-no exad-glass-effect-no elementor-widget elementor-widget-button\" data-id=\"e2c0e62\" data-element_type=\"widget\" data-e-type=\"widget\" data-widget_type=\"button.default\">\n\t\t\t\t<div class=\"elementor-widget-container\">\n\t\t\t\t\t\t\t\t\t<div class=\"elementor-button-wrapper\">\n\t\t\t\t\t<a class=\"elementor-button elementor-button-link elementor-size-sm\" href=\"https:\/\/violencefreecolorado.org\/es\/bolsa-de-trabajo\/enviar-un-trabajo\/\">\n\t\t\t\t\t\t<span class=\"elementor-button-content-wrapper\">\n\t\t\t\t\t\t<span class=\"elementor-button-icon\">\n\t\t\t\t<svg xmlns=\"http:\/\/www.w3.org\/2000\/svg\" width=\"25\" height=\"26\" viewBox=\"0 0 25 26\" fill=\"none\"><g id=\"chevron-circle-right\" clip-path=\"url(#clip0_4974_5826)\"><path id=\"Vector\" d=\"M12.5 0.890625C19.1895 0.890625 24.6094 6.31055 24.6094 13C24.6094 19.6895 19.1895 25.1094 12.5 25.1094C5.81055 25.1094 0.390625 19.6895 0.390625 13C0.390625 6.31055 5.81055 0.890625 12.5 0.890625ZM18.0615 12.1699L11.4453 5.55371C10.9863 5.09473 10.2441 5.09473 9.79004 5.55371L8.95996 6.38379C8.50098 6.84277 8.50098 7.58496 8.95996 8.03906L13.9209 13L8.95996 17.9609C8.50098 18.4199 8.50098 19.1621 8.95996 19.6162L9.79004 20.4463C10.249 20.9053 10.9912 20.9053 11.4453 20.4463L18.0615 13.8301C18.5205 13.3711 18.5205 12.6289 18.0615 12.1699Z\" fill=\"#592D83\"><\/path><\/g><defs><clipPath id=\"clip0_4974_5826\"><rect width=\"25\" height=\"25\" fill=\"white\" transform=\"translate(0 0.5)\"><\/rect><\/clipPath><\/defs><\/svg>\t\t\t<\/span>\n\t\t\t\t\t\t\t\t\t<span class=\"elementor-button-text\">Haz clic aqu\u00ed para enviar un trabajo<\/span>\n\t\t\t\t\t<\/span>\n\t\t\t\t\t<\/a>\n\t\t\t\t<\/div>\n\t\t\t\t\t\t\t\t<\/div>\n\t\t\t\t<\/div>\n\t\t<div class=\"elementor-element elementor-element-a50493b e-con-full e-flex e-con e-child\" data-id=\"a50493b\" data-element_type=\"container\" data-e-type=\"container\">\n\t\t\t\t<div class=\"elementor-element elementor-element-873e227 exad-sticky-section-no exad-glass-effect-no elementor-widget elementor-widget-heading\" data-id=\"873e227\" data-element_type=\"widget\" data-e-type=\"widget\" data-widget_type=\"heading.default\">\n\t\t\t\t<div class=\"elementor-widget-container\">\n\t\t\t\t\t<h2 class=\"elementor-heading-title elementor-size-default\">Ley de Igualdad Salarial por Igual Trabajo<\/h2>\t\t\t\t<\/div>\n\t\t\t\t<\/div>\n\t\t\t\t<div class=\"elementor-element elementor-element-ffbdd61 exad-sticky-section-no exad-glass-effect-no elementor-widget elementor-widget-text-editor\" data-id=\"ffbdd61\" data-element_type=\"widget\" data-e-type=\"widget\" id=\"eq-pay\" data-widget_type=\"text-editor.default\">\n\t\t\t\t<div class=\"elementor-widget-container\">\n\t\t\t\t\t\t\t\t\t<p>La ley de <a href=\"https:\/\/leg.colorado.gov\/bills\/sb19-085\" target=\"_blank\" rel=\"noopener\"><strong>ley de Colorado<\/strong><\/a> (Ley de Igualdad Salarial por un Trabajo Igual) incluir el salario\/rango salarial en todas las ofertas de empleo. Por favor, incluye esta informaci\u00f3n en tu oferta, junto con una descripci\u00f3n completa de todas las prestaciones ofrecidas. S\u00f3lo los anuncios que incluyan esta informaci\u00f3n se compartir\u00e1n en el tabl\u00f3n de anuncios de empleo de Colorado Libre de Violencia. Para m\u00e1s informaci\u00f3n, <a href=\"https:\/\/coloradononprofits.org\/\" target=\"_blank\" rel=\"noopener\">haz clic aqu\u00ed.<\/a>   <\/p><p><strong>Gracias a la Colorado Women&#8217;s Bar Association (a trav\u00e9s de la Colorado Nonprofit Association) por la gu\u00eda anterior.<\/strong><\/p>\t\t\t\t\t\t\t\t<\/div>\n\t\t\t\t<\/div>\n\t\t\t\t<\/div>\n\t\t\t\t<\/div>\n\t\t\t\t\t<\/div>\n\t\t\t\t<\/div>\n\t\t<div class=\"elementor-element elementor-element-3bb069a e-flex e-con-boxed elementor-invisible e-con e-parent\" data-id=\"3bb069a\" data-element_type=\"container\" data-e-type=\"container\" data-settings=\"{&quot;animation&quot;:&quot;fadeInUp&quot;}\">\n\t\t\t\t\t<div class=\"e-con-inner\">\n\t\t\t\t<div class=\"elementor-element elementor-element-952675a with-bg-lines exad-sticky-section-no exad-glass-effect-no elementor-invisible elementor-widget elementor-widget-heading\" data-id=\"952675a\" data-element_type=\"widget\" data-e-type=\"widget\" data-settings=\"{&quot;_animation&quot;:&quot;fadeInUp&quot;}\" data-widget_type=\"heading.default\">\n\t\t\t\t<div class=\"elementor-widget-container\">\n\t\t\t\t\t<h2 class=\"elementor-heading-title elementor-size-default\"> <span class=\"main\">Ofertas de empleo<\/span><\/h2>\t\t\t\t<\/div>\n\t\t\t\t<\/div>\n\t\t\t\t\t<\/div>\n\t\t\t\t<\/div>\n\t\t<div class=\"elementor-element elementor-element-7046b6b e-flex e-con-boxed elementor-invisible e-con e-parent\" data-id=\"7046b6b\" data-element_type=\"container\" data-e-type=\"container\" id=\"jl\" data-settings=\"{&quot;animation&quot;:&quot;fadeInUp&quot;}\">\n\t\t\t\t\t<div class=\"e-con-inner\">\n\t\t\t\t<div class=\"elementor-element elementor-element-0a16530 exad-sticky-section-no exad-glass-effect-no elementor-widget elementor-widget-shortcode\" data-id=\"0a16530\" data-element_type=\"widget\" data-e-type=\"widget\" data-widget_type=\"shortcode.default\">\n\t\t\t\t<div class=\"elementor-widget-container\">\n\t\t\t\t\t\t\t<div class=\"elementor-shortcode\"><div class=\"job_listings\" data-location=\"\" data-keywords=\"\" data-show_filters=\"true\" data-show_pagination=\"true\" data-per_page=\"5\" data-orderby=\"featured\" data-order=\"DESC\" data-categories=\"\" data-disable-form-state-storage=\"\" data-featured_first=\"false\" data-post_id=\"16279\" >\n<form class=\"job_filters vfc\">\n\t\n\t<div class=\"search_jobs\">\n\t\t\t\t\n\t\t<h5>Search By:<\/h5>\n        <div class=\"search-fields\">\n    \t\t<div class=\"search_keywords\">\n    \t\t\t<label for=\"search_keywords\">Palabras clave<\/label>\n    \t\t\t<input type=\"text\" name=\"search_keywords\" id=\"search_keywords\" placeholder=\"Palabras clave\" value=\"\" \/>\n    \t\t<\/div>\n    \n    \t\t<div class=\"search_location\">\n    \t\t\t<label for=\"search_location\">Ubicaci\u00f3n<\/label>\n    \t\t\t<input type=\"text\" name=\"search_location\" id=\"search_location\" placeholder=\"Ubicaci\u00f3n\" value=\"\" \/>\n    \t\t<\/div>\n    \t\t\n    \t\t    \t\t\t<div class=\"search_submit\">\n    \t\t\t\t<input type=\"submit\" value=\"Buscar trabajos\">\n    \t\t\t<\/div>\n    \t\t\t\n    \t\t\n\t\t<\/div>\n\t\t\n\n\t\t\t\t\t<div class=\"search_remote_position\">\n\t\t\t\t<input type=\"checkbox\" class=\"input-checkbox\" name=\"remote_position\" id=\"remote_position\" placeholder=\"Ubicaci\u00f3n\" value=\"1\"  \/>\n\t\t\t\t<label for=\"remote_position\" id=\"remote_position_label\">View remote positions only<\/label>\n\t\t\t<\/div>\n\t\t\n\t\t<div style=\"clear: both\"><\/div>\n\n\t\t\n\n\t\t\t<\/div>\n\n\t\t<ul class=\"job_types\">\n\t\t\t\t\t<li class=\"cb-container\"><label for=\"job_type_a-tiempo-completo\" class=\"a-tiempo-completo\"><input type=\"checkbox\" name=\"filter_job_type[]\" value=\"a-tiempo-completo\"  checked='checked' id=\"job_type_a-tiempo-completo\" \/> A tiempo completo<\/label><span class=\"checkmark\"><\/span><\/li>\n\t\t\t\t\t<li class=\"cb-container\"><label for=\"job_type_a-tiempo-parcial\" class=\"a-tiempo-parcial\"><input type=\"checkbox\" name=\"filter_job_type[]\" value=\"a-tiempo-parcial\"  checked='checked' id=\"job_type_a-tiempo-parcial\" \/> A tiempo parcial<\/label><span class=\"checkmark\"><\/span><\/li>\n\t\t\t<\/ul>\n\t<input type=\"hidden\" name=\"filter_job_type[]\" value=\"\" \/>\n<div class=\"showing_jobs\"><\/div><\/form>\n\n\n<noscript>Tu navegador no es compatible con JavaScript o est\u00e1 desactivado. JavaScript debe estar activado para poder ver las ofertas.<\/noscript><div class=\"job_listings_head\">\n\t\n\t<div>\n\t\t<h5>Position & Organization<\/h5>\n\t<\/div>\n\t<div>\n\t\t<h5>Location<\/h5>\n\t<\/div>\t\n\t<div>\n\t\t<h5>SALARY<\/h5>\t\t\n\t<\/div>\t\n\t<div>\n\t\t<h5>JOB TYPE<\/h5>\t\n\t<\/div>\t\t\n\n<\/div>\n<div class=\"job_listings\">\n<\/div>\n<\/div><\/div>\n\t\t\t\t\t\t<\/div>\n\t\t\t\t<\/div>\n\t\t\t\t\t<\/div>\n\t\t\t\t<\/div>\n\t\t\t\t<\/div>\n\t\t","protected":false},"excerpt":{"rendered":"<p>Bolsa de trabajo Normas para publicar en la Bolsa de Trabajo de la Comunidad Nuestra plataforma est\u00e1 disponible para todas las organizaciones y empresas que deseen publicar puestos relacionados con [&hellip;]<\/p>\n","protected":false},"author":1,"featured_media":0,"parent":16313,"menu_order":0,"comment_status":"closed","ping_status":"closed","template":"","meta":{"_acf_changed":false,"inline_featured_image":false,"site-sidebar-layout":"no-sidebar","site-content-layout":"","ast-site-content-layout":"full-width-container","site-content-style":"default","site-sidebar-style":"default","ast-global-header-display":"","ast-banner-title-visibility":"","ast-main-header-display":"","ast-hfb-above-header-display":"","ast-hfb-below-header-display":"","ast-hfb-mobile-header-display":"","site-post-title":"disabled","ast-breadcrumbs-content":"","ast-featured-img":"disabled","footer-sml-layout":"","ast-disable-related-posts":"","theme-transparent-header-meta":"","adv-header-id-meta":"","stick-header-meta":"","header-above-stick-meta":"","header-main-stick-meta":"","header-below-stick-meta":"","astra-migrate-meta-layouts":"default","ast-page-background-enabled":"default","ast-page-background-meta":{"desktop":{"background-color":"var(--ast-global-color-4)","background-image":"","background-repeat":"repeat","background-position":"center center","background-size":"auto","background-attachment":"scroll","background-type":"","background-media":"","overlay-type":"","overlay-color":"","overlay-opacity":"","overlay-gradient":""},"tablet":{"background-color":"","background-image":"","background-repeat":"repeat","background-position":"center center","background-size":"auto","background-attachment":"scroll","background-type":"","background-media":"","overlay-type":"","overlay-color":"","overlay-opacity":"","overlay-gradient":""},"mobile":{"background-color":"","background-image":"","background-repeat":"repeat","background-position":"center center","background-size":"auto","background-attachment":"scroll","background-type":"","background-media":"","overlay-type":"","overlay-color":"","overlay-opacity":"","overlay-gradient":""}},"ast-content-background-meta":{"desktop":{"background-color":"var(--ast-global-color-5)","background-image":"","background-repeat":"repeat","background-position":"center center","background-size":"auto","background-attachment":"scroll","background-type":"","background-media":"","overlay-type":"","overlay-color":"","overlay-opacity":"","overlay-gradient":""},"tablet":{"background-color":"var(--ast-global-color-5)","background-image":"","background-repeat":"repeat","background-position":"center center","background-size":"auto","background-attachment":"scroll","background-type":"","background-media":"","overlay-type":"","overlay-color":"","overlay-opacity":"","overlay-gradient":""},"mobile":{"background-color":"var(--ast-global-color-5)","background-image":"","background-repeat":"repeat","background-position":"center center","background-size":"auto","background-attachment":"scroll","background-type":"","background-media":"","overlay-type":"","overlay-color":"","overlay-opacity":"","overlay-gradient":""}},"footnotes":""},"class_list":["post-16279","page","type-page","status-publish","hentry"],"acf":[],"_links":{"self":[{"href":"https:\/\/violencefreecolorado.org\/es\/wp-json\/wp\/v2\/pages\/16279","targetHints":{"allow":["GET"]}}],"collection":[{"href":"https:\/\/violencefreecolorado.org\/es\/wp-json\/wp\/v2\/pages"}],"about":[{"href":"https:\/\/violencefreecolorado.org\/es\/wp-json\/wp\/v2\/types\/page"}],"author":[{"embeddable":true,"href":"https:\/\/violencefreecolorado.org\/es\/wp-json\/wp\/v2\/users\/1"}],"replies":[{"embeddable":true,"href":"https:\/\/violencefreecolorado.org\/es\/wp-json\/wp\/v2\/comments?post=16279"}],"version-history":[{"count":1,"href":"https:\/\/violencefreecolorado.org\/es\/wp-json\/wp\/v2\/pages\/16279\/revisions"}],"predecessor-version":[{"id":16281,"href":"https:\/\/violencefreecolorado.org\/es\/wp-json\/wp\/v2\/pages\/16279\/revisions\/16281"}],"up":[{"embeddable":true,"href":"https:\/\/violencefreecolorado.org\/es\/wp-json\/wp\/v2\/pages\/16313"}],"wp:attachment":[{"href":"https:\/\/violencefreecolorado.org\/es\/wp-json\/wp\/v2\/media?parent=16279"}],"curies":[{"name":"wp","href":"https:\/\/api.w.org\/{rel}","templated":true}]}}