{"id":16205,"date":"2024-03-05T18:47:51","date_gmt":"2024-03-06T01:47:51","guid":{"rendered":"https:\/\/violencefreecolorado.org\/condiciones-de-uso\/"},"modified":"2026-04-07T09:02:35","modified_gmt":"2026-04-07T16:02:35","slug":"condiciones-de-uso","status":"publish","type":"page","link":"https:\/\/violencefreecolorado.org\/es\/condiciones-de-uso\/","title":{"rendered":"Condiciones de uso"},"content":{"rendered":"\t\t<div data-elementor-type=\"wp-page\" data-elementor-id=\"16205\" class=\"elementor elementor-16205 elementor-102\" data-elementor-post-type=\"page\">\n\t\t\t\t<div class=\"elementor-element elementor-element-d5aff72 e-flex e-con-boxed elementor-invisible e-con e-parent\" data-id=\"d5aff72\" data-element_type=\"container\" data-e-type=\"container\" data-settings=\"{&quot;background_background&quot;:&quot;classic&quot;,&quot;animation&quot;:&quot;fadeInUp&quot;}\">\n\t\t\t\t\t<div class=\"e-con-inner\">\n\t\t<div class=\"elementor-element elementor-element-20176a5 e-flex e-con-boxed elementor-invisible e-con e-child\" data-id=\"20176a5\" data-element_type=\"container\" data-e-type=\"container\" data-settings=\"{&quot;animation&quot;:&quot;fadeIn&quot;}\">\n\t\t\t\t\t<div class=\"e-con-inner\">\n\t\t\t\t<div class=\"elementor-element elementor-element-ab31923 exad-sticky-section-no exad-glass-effect-no elementor-widget elementor-widget-heading\" data-id=\"ab31923\" data-element_type=\"widget\" data-e-type=\"widget\" data-widget_type=\"heading.default\">\n\t\t\t\t<div class=\"elementor-widget-container\">\n\t\t\t\t\t<h1 class=\"elementor-heading-title elementor-size-default\">Condiciones de uso<\/h1>\t\t\t\t<\/div>\n\t\t\t\t<\/div>\n\t\t\t\t<div class=\"elementor-element elementor-element-fa6bd95 lh-30 exad-sticky-section-no exad-glass-effect-no elementor-widget elementor-widget-text-editor\" data-id=\"fa6bd95\" data-element_type=\"widget\" data-e-type=\"widget\" id=\"terms-of-use\" data-widget_type=\"text-editor.default\">\n\t\t\t\t<div class=\"elementor-widget-container\">\n\t\t\t\t\t\t\t\t\t<p><strong>Fecha de entrada en vigor:<\/strong> 22 de agosto de 2024  <\/p><ol><li><p><strong>Aceptaci\u00f3n de las Condiciones:<\/strong> Al acceder y utilizar este sitio web <a href=\"https:\/\/www.vilencefreeco.org\">www.vilencefreeco.org<\/a>, aceptas quedar vinculado por estas Condiciones de uso. Si no aceptas estos t\u00e9rminos, por favor, no utilices el Sitio. <\/p><p>Ten en cuenta que tus actividades en Internet pueden no ser seguras si tu pareja maltratadora tiene acceso a tu ordenador.<\/p><\/li><li><strong>Finalidad del Sitio:<\/strong> El Sitio es proporcionado por Violence Free Colorado para ofrecer recursos, informaci\u00f3n y apoyo relacionados con la concienciaci\u00f3n y prevenci\u00f3n de la violencia dom\u00e9stica. El contenido del Sitio est\u00e1 destinado \u00fanicamente a fines informativos y educativos. <\/li><li><strong>Sin asesoramiento profesional:<\/strong> La informaci\u00f3n proporcionada en este sitio s\u00f3lo tiene car\u00e1cter informativo y no constituye asesoramiento jur\u00eddico, m\u00e9dico o profesional. Los usuarios deben buscar asesoramiento profesional adecuado a sus circunstancias y necesidades individuales. La Coalici\u00f3n no se hace responsable de ninguna acci\u00f3n emprendida sobre la base de la informaci\u00f3n proporcionada en el Sitio.  <\/li><li><strong>Conducta del usuario:<\/strong> Te comprometes a utilizar el Sitio \u00fanicamente con fines l\u00edcitos. No puedes: <ul><li>Utilizar el Sitio de cualquier forma que pueda da\u00f1ar, inutilizar, sobrecargar o deteriorar el Sitio.<\/li><li>Utilizar cualquier medio automatizado para acceder al Sitio.<\/li><li>Participar en cualquier actividad que pueda perjudicar a otros usuarios o a la Coalici\u00f3n.<\/li><\/ul><\/li><li><strong>La privacidad:<\/strong> Tu privacidad es importante para nosotros. Revisa nuestra <a href=\"https:\/\/violencefreecolorado.org\/privacy-policy\/\">Pol\u00edtica de Privacidad<\/a> para comprender c\u00f3mo recogemos, utilizamos y protegemos tu informaci\u00f3n personal. <\/li><li><strong>Propiedad intelectual:<\/strong> Todo el contenido del Sitio, incluyendo texto, gr\u00e1ficos, logotipos e im\u00e1genes, es propiedad de Colorado Libre de Violencia o de sus proveedores de contenido y est\u00e1 protegido por las leyes de propiedad intelectual. No puedes reproducir ni crear trabajos derivados del contenido sin el consentimiento expreso por escrito de la Coalici\u00f3n. <\/li><li><strong>Enlaces externos:<\/strong> El Sitio puede contener enlaces a sitios web de terceros. Estos enlaces se proporcionan \u00fanicamente por comodidad, y la Coalici\u00f3n para un Colorado Libre de Violencia no respalda ni asume responsabilidad alguna por el contenido o las pr\u00e1cticas de estos sitios. El acceso a los sitios enlazados corre por tu cuenta y riesgo.  <\/li><li><strong>Exclusi\u00f3n de garant\u00edas<\/strong>: El Sitio se proporciona \u00abtal cual\u00bb, sin garant\u00edas de ning\u00fan tipo, ni expresas ni impl\u00edcitas. Colorado Libre de Violencia no garantiza que el Sitio est\u00e9 libre de errores o que el acceso sea ininterrumpido. <\/li><li><strong>Limitaci\u00f3n de responsabilidad:<\/strong> Colorado Libre de Violencia no se hace responsable de ning\u00fan da\u00f1o derivado del uso del Sitio, incluidos, entre otros, los da\u00f1os directos, indirectos, incidentales, punitivos y consecuentes.<\/li><li><strong>Cambios en las Condiciones:<\/strong> Colorado Libre de Violencia se reserva el derecho a actualizar o modificar estas Condiciones de Uso en cualquier momento y sin previo aviso. Tu uso continuado del Sitio despu\u00e9s de cualquier cambio constituye tu aceptaci\u00f3n de los nuevos t\u00e9rminos. <\/li><li><strong>Legislaci\u00f3n aplicable:<\/strong> Estas Condiciones de uso se rigen e interpretan de acuerdo con las leyes de Colorado, Estados Unidos, sin tener en cuenta sus principios de conflicto de leyes.<\/li><li><strong>Informaci\u00f3n de contacto:<\/strong> Si tienes alguna pregunta o duda sobre estas Condiciones de uso, ponte en contacto con nosotros en <a href=\"mailto:co*************@************co.org\" data-original-string=\"AgklPHw1TrBF1GNwTlKeSg==bf2ZfEu7le62nprRKbe424oXbjkEXvbEALtRyZCv\/L61BGiQ+9y1zZO9\/eOkXKLRLav\" title=\"Este contacto ha sido codificado por Anti-Spam by CleanTalk. Haz clic para decodificar. Para finalizar la decodificaci\u00f3n, aseg\u00farate de que JavaScript est\u00e1 activado en tu navegador.\"><span \n                data-original-string='5PdeRQ+cV6pIEXUF1\/m2Lw==bf2h+8Q53QJPYRKeYHVjQmXP1dNdGsuqApuhFQuhKB1zlWU6nIlVfUkGYsAXZd5Qwxk'\n                class='apbct-email-encoder'\n                title='Este contacto ha sido codificado por Anti-Spam by CleanTalk. Haz clic para decodificar. Para finalizar la decodificaci\u00f3n, aseg\u00farate de que JavaScript est\u00e1 activado en tu navegador.'>co<span class=\"apbct-blur\">*************<\/span>@<span class=\"apbct-blur\">************<\/span>co.org<\/span><\/a> o <a href=\"mailto:in**@************co.org\" data-original-string=\"qdsaLYCsFr38tMG16FJYRA==bf2n5L+cDxCxmVJ9aLCYiTCU+LqnSZzMVF53TQHGkMb96A=\" title=\"Este contacto ha sido codificado por Anti-Spam by CleanTalk. Haz clic para decodificar. Para finalizar la decodificaci\u00f3n, aseg\u00farate de que JavaScript est\u00e1 activado en tu navegador.\"><span \n                data-original-string='U+pMqDEnDEH9TqnmGzQYhw==bf2\/mNtx2BaWwcSk3k+L4+doXkpJsIvahkLJFInD1UaXH4='\n                class='apbct-email-encoder'\n                title='Este contacto ha sido codificado por Anti-Spam by CleanTalk. Haz clic para decodificar. Para finalizar la decodificaci\u00f3n, aseg\u00farate de que JavaScript est\u00e1 activado en tu navegador.'>in<span class=\"apbct-blur\">**<\/span>@<span class=\"apbct-blur\">************<\/span>co.org<\/span><\/a>.<\/li><\/ol>\t\t\t\t\t\t\t\t<\/div>\n\t\t\t\t<\/div>\n\t\t\t\t\t<\/div>\n\t\t\t\t<\/div>\n\t\t\t\t\t<\/div>\n\t\t\t\t<\/div>\n\t\t\t\t<\/div>\n\t\t","protected":false},"excerpt":{"rendered":"<p>Condiciones de uso Fecha de entrada en vigor: 22 de agosto de 2024 Aceptaci\u00f3n de las Condiciones: Al acceder y utilizar este sitio web www.vilencefreeco.org, aceptas quedar vinculado por estas [&hellip;]<\/p>\n","protected":false},"author":1,"featured_media":0,"parent":0,"menu_order":0,"comment_status":"closed","ping_status":"closed","template":"","meta":{"_acf_changed":false,"inline_featured_image":false,"site-sidebar-layout":"no-sidebar","site-content-layout":"","ast-site-content-layout":"full-width-container","site-content-style":"default","site-sidebar-style":"default","ast-global-header-display":"","ast-banner-title-visibility":"","ast-main-header-display":"","ast-hfb-above-header-display":"","ast-hfb-below-header-display":"","ast-hfb-mobile-header-display":"","site-post-title":"disabled","ast-breadcrumbs-content":"","ast-featured-img":"disabled","footer-sml-layout":"","ast-disable-related-posts":"","theme-transparent-header-meta":"","adv-header-id-meta":"","stick-header-meta":"","header-above-stick-meta":"","header-main-stick-meta":"","header-below-stick-meta":"","astra-migrate-meta-layouts":"default","ast-page-background-enabled":"default","ast-page-background-meta":{"desktop":{"background-color":"var(--ast-global-color-4)","background-image":"","background-repeat":"repeat","background-position":"center center","background-size":"auto","background-attachment":"scroll","background-type":"","background-media":"","overlay-type":"","overlay-color":"","overlay-opacity":"","overlay-gradient":""},"tablet":{"background-color":"","background-image":"","background-repeat":"repeat","background-position":"center center","background-size":"auto","background-attachment":"scroll","background-type":"","background-media":"","overlay-type":"","overlay-color":"","overlay-opacity":"","overlay-gradient":""},"mobile":{"background-color":"","background-image":"","background-repeat":"repeat","background-position":"center center","background-size":"auto","background-attachment":"scroll","background-type":"","background-media":"","overlay-type":"","overlay-color":"","overlay-opacity":"","overlay-gradient":""}},"ast-content-background-meta":{"desktop":{"background-color":"var(--ast-global-color-5)","background-image":"","background-repeat":"repeat","background-position":"center center","background-size":"auto","background-attachment":"scroll","background-type":"","background-media":"","overlay-type":"","overlay-color":"","overlay-opacity":"","overlay-gradient":""},"tablet":{"background-color":"var(--ast-global-color-5)","background-image":"","background-repeat":"repeat","background-position":"center center","background-size":"auto","background-attachment":"scroll","background-type":"","background-media":"","overlay-type":"","overlay-color":"","overlay-opacity":"","overlay-gradient":""},"mobile":{"background-color":"var(--ast-global-color-5)","background-image":"","background-repeat":"repeat","background-position":"center center","background-size":"auto","background-attachment":"scroll","background-type":"","background-media":"","overlay-type":"","overlay-color":"","overlay-opacity":"","overlay-gradient":""}},"footnotes":""},"class_list":["post-16205","page","type-page","status-publish","hentry"],"acf":[],"_links":{"self":[{"href":"https:\/\/violencefreecolorado.org\/es\/wp-json\/wp\/v2\/pages\/16205","targetHints":{"allow":["GET"]}}],"collection":[{"href":"https:\/\/violencefreecolorado.org\/es\/wp-json\/wp\/v2\/pages"}],"about":[{"href":"https:\/\/violencefreecolorado.org\/es\/wp-json\/wp\/v2\/types\/page"}],"author":[{"embeddable":true,"href":"https:\/\/violencefreecolorado.org\/es\/wp-json\/wp\/v2\/users\/1"}],"replies":[{"embeddable":true,"href":"https:\/\/violencefreecolorado.org\/es\/wp-json\/wp\/v2\/comments?post=16205"}],"version-history":[{"count":1,"href":"https:\/\/violencefreecolorado.org\/es\/wp-json\/wp\/v2\/pages\/16205\/revisions"}],"predecessor-version":[{"id":16208,"href":"https:\/\/violencefreecolorado.org\/es\/wp-json\/wp\/v2\/pages\/16205\/revisions\/16208"}],"wp:attachment":[{"href":"https:\/\/violencefreecolorado.org\/es\/wp-json\/wp\/v2\/media?parent=16205"}],"curies":[{"name":"wp","href":"https:\/\/api.w.org\/{rel}","templated":true}]}}