{"id":16191,"date":"2024-07-08T16:24:52","date_gmt":"2024-07-08T23:24:52","guid":{"rendered":"https:\/\/violencefreecolorado.org\/recursos-estatales-y-nacionales\/"},"modified":"2026-04-07T09:05:26","modified_gmt":"2026-04-07T16:05:26","slug":"recursos-estatales-y-nacionales","status":"publish","type":"page","link":"https:\/\/violencefreecolorado.org\/es\/encuentra-ayuda\/recursos-estatales-y-nacionales\/","title":{"rendered":"Recursos estatales y nacionales"},"content":{"rendered":"\t\t<div data-elementor-type=\"wp-page\" data-elementor-id=\"16191\" class=\"elementor elementor-16191 elementor-4103\" data-elementor-post-type=\"page\">\n\t\t\t\t<div class=\"elementor-element elementor-element-61d1843 e-flex e-con-boxed elementor-invisible e-con e-parent\" data-id=\"61d1843\" data-element_type=\"container\" data-e-type=\"container\" id=\"page-heading\" data-settings=\"{&quot;background_background&quot;:&quot;classic&quot;,&quot;animation&quot;:&quot;fadeIn&quot;}\">\n\t\t\t\t\t<div class=\"e-con-inner\">\n\t\t\t\t<div class=\"elementor-element elementor-element-afcba83 exad-sticky-section-no exad-glass-effect-no elementor-widget elementor-widget-heading\" data-id=\"afcba83\" data-element_type=\"widget\" data-e-type=\"widget\" data-widget_type=\"heading.default\">\n\t\t\t\t<div class=\"elementor-widget-container\">\n\t\t\t\t\t<h1 class=\"elementor-heading-title elementor-size-default\">Recursos estatales y nacionales<\/h1>\t\t\t\t<\/div>\n\t\t\t\t<\/div>\n\t\t\t\t\t<\/div>\n\t\t\t\t<\/div>\n\t\t<div class=\"elementor-element elementor-element-c46014e e-flex e-con-boxed elementor-invisible e-con e-parent\" data-id=\"c46014e\" data-element_type=\"container\" data-e-type=\"container\" data-settings=\"{&quot;animation&quot;:&quot;fadeInUp&quot;}\">\n\t\t\t\t\t<div class=\"e-con-inner\">\n\t\t<div class=\"elementor-element elementor-element-7f2c0bc e-con-full e-flex e-con e-child\" data-id=\"7f2c0bc\" data-element_type=\"container\" data-e-type=\"container\">\n\t\t\t\t<div class=\"elementor-element elementor-element-45f6726 exad-sticky-section-no exad-glass-effect-no elementor-widget elementor-widget-text-editor\" data-id=\"45f6726\" data-element_type=\"widget\" data-e-type=\"widget\" data-widget_type=\"text-editor.default\">\n\t\t\t\t<div class=\"elementor-widget-container\">\n\t\t\t\t\t\t\t\t\t<p>A continuaci\u00f3n figura una lista de socios comunitarios con recursos tanto a nivel nacional como estatal. Aunque no est\u00e1n directamente afiliadas a los servicios de VD, estas organizaciones ofrecen apoyo suplementario a quienes lo necesitan. <\/p><p>Pl<span class=\"TextRun SCXW53060525 BCX8\" lang=\"EN-US\" data-contrast=\"auto\"><span class=\"NormalTextRun SCXW53060525 BCX8\">ease b<\/span><\/span><span class=\"TextRun SCXW53060525 BCX8\" lang=\"EN-US\" data-contrast=\"auto\"><span class=\"NormalTextRun SCXW53060525 BCX8\">n\u00f3tese que la Coalici\u00f3n no respalda, controla ni asume responsabilidad alguna por el contenido, la pol\u00edtica de privacidad o las pr\u00e1cticas de ning\u00fan programa contra la violencia dom\u00e9stica, socio comunitario o individuo.<\/span><\/span><em><span class=\"TextRun SCXW53060525 BCX8\" lang=\"EN-US\" data-contrast=\"auto\"><span class=\"NormalTextRun SCXW53060525 BCX8\">miembro, socio comunitario o individuo.<\/span><\/span><\/em><\/p>\t\t\t\t\t\t\t\t<\/div>\n\t\t\t\t<\/div>\n\t\t\t\t<div class=\"elementor-element elementor-element-be00a5f exad-sticky-section-no exad-glass-effect-no elementor-widget elementor-widget-text-editor\" data-id=\"be00a5f\" data-element_type=\"widget\" data-e-type=\"widget\" data-widget_type=\"text-editor.default\">\n\t\t\t\t<div class=\"elementor-widget-container\">\n\t\t\t\t\t\t\t\t\t<p style=\"text-align: center;\"><i style=\"font-weight: inherit; color: var( --e-global-color-text ); background-color: var(--ast-global-color-5);\">Este proyecto ha contado con el apoyo de la Subvenci\u00f3n n\u00ba 15JOVW-22-GG-00867-STA, concedida por la Oficina contra la Violencia sobre la Mujer del Departamento de Justicia de EEUU. Las opiniones, resultados, conclusiones y recomendaciones expresadas en esta publicaci\u00f3n\/programa\/exposici\u00f3n son las de su(s) autor(es) y no reflejan necesariamente los puntos de vista del Departamento de Justicia de EEUU. <\/i><\/p>\t\t\t\t\t\t\t\t<\/div>\n\t\t\t\t<\/div>\n\t\t\t\t<\/div>\n\t\t\t\t\t<\/div>\n\t\t\t\t<\/div>\n\t\t<div class=\"elementor-element elementor-element-1535057 e-flex e-con-boxed e-con e-parent\" data-id=\"1535057\" data-element_type=\"container\" data-e-type=\"container\">\n\t\t\t\t\t<div class=\"e-con-inner\">\n\t\t\t\t<div class=\"elementor-element elementor-element-56c4c4b with-bg-lines exad-sticky-section-no exad-glass-effect-no elementor-invisible elementor-widget elementor-widget-heading\" data-id=\"56c4c4b\" data-element_type=\"widget\" data-e-type=\"widget\" data-settings=\"{&quot;_animation&quot;:&quot;fadeInUp&quot;}\" data-widget_type=\"heading.default\">\n\t\t\t\t<div class=\"elementor-widget-container\">\n\t\t\t\t\t<h2 class=\"elementor-heading-title elementor-size-default\"> <span class=\"main\">Recursos estatales<\/span><\/h2>\t\t\t\t<\/div>\n\t\t\t\t<\/div>\n\t\t\t\t\t<\/div>\n\t\t\t\t<\/div>\n\t\t<div class=\"elementor-element elementor-element-4c3057b e-flex e-con-boxed elementor-invisible e-con e-parent\" data-id=\"4c3057b\" data-element_type=\"container\" data-e-type=\"container\" data-settings=\"{&quot;animation&quot;:&quot;fadeInUp&quot;}\">\n\t\t\t\t\t<div class=\"e-con-inner\">\n\t\t<div class=\"elementor-element elementor-element-b0d8a9d e-con-full e-flex e-con e-child\" data-id=\"b0d8a9d\" data-element_type=\"container\" data-e-type=\"container\">\n\t\t\t\t<div class=\"elementor-element elementor-element-a428664 elementor-align-start li-with-logo left elementor-icon-list--layout-traditional elementor-list-item-link-full_width exad-sticky-section-no exad-glass-effect-no elementor-widget elementor-widget-icon-list\" data-id=\"a428664\" data-element_type=\"widget\" data-e-type=\"widget\" data-widget_type=\"icon-list.default\">\n\t\t\t\t<div class=\"elementor-widget-container\">\n\t\t\t\t\t\t\t<ul class=\"elementor-icon-list-items\">\n\t\t\t\t\t\t\t<li class=\"elementor-icon-list-item\">\n\t\t\t\t\t\t\t\t\t\t<span class=\"elementor-icon-list-text\"><a href=\"https:\/\/coda18.gov\/\" target=\"_blank\">Fiscal\u00eda del 18\u00ba Distrito Judicial<\/a><br> <a href=\"tel:(720)%20874-8500\">(720) 874-8500<\/a><\/span>\n\t\t\t\t\t\t\t\t\t<\/li>\n\t\t\t\t\t\t\t\t<li class=\"elementor-icon-list-item\">\n\t\t\t\t\t\t\t\t\t\t<span class=\"elementor-icon-list-text\"><a href=\"https:\/\/www.auroramhr.org\/\" target=\"_blank\">Centro de Desarrollo Asi\u00e1tico-Pac\u00edfico<\/a><br> <a href=\"tel:720-394-7909\">720-394-7909<\/a> (L\u00ednea directa) | <a href=\"tel:303-923-2920\">303-923-2920<\/a> (Oficina)<\/span>\n\t\t\t\t\t\t\t\t\t<\/li>\n\t\t\t\t\t\t\t\t<li class=\"elementor-icon-list-item\">\n\t\t\t\t\t\t\t\t\t\t<span class=\"elementor-icon-list-text\"><a href=\"https:\/\/biacolorado.org\/\" target=\"_blank\">Alianza contra el Da\u00f1o Cerebral de Colorado<\/a> <br><a href=\"tel:303-355-9969\">303-355-9969<\/a><\/span>\n\t\t\t\t\t\t\t\t\t<\/li>\n\t\t\t\t\t\t\t\t<li class=\"elementor-icon-list-item\">\n\t\t\t\t\t\t\t\t\t\t<span class=\"elementor-icon-list-text\"><a target=\"_blank\" href=\"https:\/\/publicaffairs.ucdenver.edu\/research-and-impact\/research-centers\/center-for-community-safety-and-resilience\">Centro para la Seguridad Comunitaria y la Resiliencia en CU Denver (Escuela de Asuntos P\u00fablicos)<\/a> <br><a href=\"tel:303-315-2228\">303-315-2228<\/a><\/span>\n\t\t\t\t\t\t\t\t\t<\/li>\n\t\t\t\t\t\t\t\t<li class=\"elementor-icon-list-item\">\n\t\t\t\t\t\t\t\t\t\t<span class=\"elementor-icon-list-text\"><a target=\"_blank\" href=\"https:\/\/dcs.colorado.gov\/acp\">Programa de Confidencialidad de Direcciones de Colorado<\/a><br> <a href=\"tel:303-866-2208\">303-866-2208<\/a><\/span>\n\t\t\t\t\t\t\t\t\t<\/li>\n\t\t\t\t\t\t\t\t<li class=\"elementor-icon-list-item\">\n\t\t\t\t\t\t\t\t\t\t<span class=\"elementor-icon-list-text\"><a target=\"_blank\" href=\"https:\/\/www.cobar.org\/\">Colegio de Abogados de Colorado<\/a> <br><a href=\"tel:303-860-1115\">303-860-1115<\/a> | <a href=\"tel:800-332-6736\">800-332-6736<\/a><\/span>\n\t\t\t\t\t\t\t\t\t<\/li>\n\t\t\t\t\t\t\t\t<li class=\"elementor-icon-list-item\">\n\t\t\t\t\t\t\t\t\t\t<span class=\"elementor-icon-list-text\"><a target=\"_blank\" href=\"https:\/\/www.ccasa.org\/\">Coalici\u00f3n de Colorado contra la Agresi\u00f3n Sexual (CCASA)<\/a><br> <a href=\"tel:303-839-9999\">303-839-9999<\/a><\/span>\n\t\t\t\t\t\t\t\t\t<\/li>\n\t\t\t\t\t\t\t\t<li class=\"elementor-icon-list-item\">\n\t\t\t\t\t\t\t\t\t\t<span class=\"elementor-icon-list-text\"><a target=\"_blank\" href=\"https:\/\/www.coloradocoalition.org\/\">Coalici\u00f3n de Colorado para los Sin Techo<\/a><br> <a href=\"tel:303-293-2217\">303-293-2217<\/a><\/span>\n\t\t\t\t\t\t\t\t\t<\/li>\n\t\t\t\t\t\t\t\t<li class=\"elementor-icon-list-item\">\n\t\t\t\t\t\t\t\t\t\t<span class=\"elementor-icon-list-text\"><a target=\"_blank\" href=\"https:\/\/www.ddfl.org\/animal-protection\/\">Sociedad Protectora de Animales y SPCA de Colorado<\/a><br> <a href=\"tel:720-913-7876\">720-913-7876<\/a> | <a href=\"https:\/\/www.ddfl.org\/report-abuse\/\">Formulario de denuncia en l\u00ednea<\/a><\/span>\n\t\t\t\t\t\t\t\t\t<\/li>\n\t\t\t\t\t\t\t\t<li class=\"elementor-icon-list-item\">\n\t\t\t\t\t\t\t\t\t\t<span class=\"elementor-icon-list-text\"><a target=\"_blank\" href=\"https:\/\/coloradoimmigrant.org\/\">Coalici\u00f3n por los Derechos de los Inmigrantes de Colorado (CIRC)<\/a><br> <a href=\"tel:844-864-8341\">844-864-8341<\/a> (L\u00ednea directa) | <a href=\"tel:303-922-3344\">303-922-3344<\/a> (Oficina)<\/span>\n\t\t\t\t\t\t\t\t\t<\/li>\n\t\t\t\t\t\t\t\t<li class=\"elementor-icon-list-item\">\n\t\t\t\t\t\t\t\t\t\t<span class=\"elementor-icon-list-text\"><a target=\"_blank\" href=\"https:\/\/www.coloradolegalservices.org\/\">Servicios Jur\u00eddicos de Colorado<\/a><\/span>\n\t\t\t\t\t\t\t\t\t<\/li>\n\t\t\t\t\t\t\t\t<li class=\"elementor-icon-list-item\">\n\t\t\t\t\t\t\t\t\t\t<span class=\"elementor-icon-list-text\"><a target=\"_blank\" href=\"https:\/\/www.facebook.com\/jointresiliencydirectorate\/\">Guardia Nacional de Colorado J9<\/a><\/span>\n\t\t\t\t\t\t\t\t\t<\/li>\n\t\t\t\t\t\t\t\t<li class=\"elementor-icon-list-item\">\n\t\t\t\t\t\t\t\t\t\t<span class=\"elementor-icon-list-text\"><a target=\"_blank\" href=\"https:\/\/www.coloradocrimevictims.org\/\">Organizaci\u00f3n de Colorado de Ayuda a las V\u00edctimas<\/a><br>(COVA)<br> <a href=\"tel:303-861-1160\">303-861-1160<\/a> (Oficina)<\/span>\n\t\t\t\t\t\t\t\t\t<\/li>\n\t\t\t\t\t\t<\/ul>\n\t\t\t\t\t\t<\/div>\n\t\t\t\t<\/div>\n\t\t\t\t<\/div>\n\t\t<div class=\"elementor-element elementor-element-4945cd7 e-con-full e-flex e-con e-child\" data-id=\"4945cd7\" data-element_type=\"container\" data-e-type=\"container\">\n\t\t\t\t<div class=\"elementor-element elementor-element-cffec08 li-with-logo right elementor-align-start elementor-icon-list--layout-traditional elementor-list-item-link-full_width exad-sticky-section-no exad-glass-effect-no elementor-widget elementor-widget-icon-list\" data-id=\"cffec08\" data-element_type=\"widget\" data-e-type=\"widget\" data-widget_type=\"icon-list.default\">\n\t\t\t\t<div class=\"elementor-widget-container\">\n\t\t\t\t\t\t\t<ul class=\"elementor-icon-list-items\">\n\t\t\t\t\t\t\t<li class=\"elementor-icon-list-item\">\n\t\t\t\t\t\t\t\t\t\t<span class=\"elementor-icon-list-text\"><a target=\"_blank\" href=\"https:\/\/creativetreatmentoptions.com\/\">Creative Treatment Options<\/a> <br><a href=\"tel:303-467-2624\">303-467-2624<\/a> (Oficina)<\/span>\n\t\t\t\t\t\t\t\t\t<\/li>\n\t\t\t\t\t\t\t\t<li class=\"elementor-icon-list-item\">\n\t\t\t\t\t\t\t\t\t\t<span class=\"elementor-icon-list-text\"><a target=\"_blank\" href=\"https:\/\/dcj.colorado.gov\/\">DCJ: Programa DVOMB y Oficina de V\u00edctimas <\/a><br><a href=\"tel:303-239-5719\">303-239-5719<\/a> (Oficina)<\/span>\n\t\t\t\t\t\t\t\t\t<\/li>\n\t\t\t\t\t\t\t\t<li class=\"elementor-icon-list-item\">\n\t\t\t\t\t\t\t\t\t\t<span class=\"elementor-icon-list-text\"><a target=\"_blank\" href=\"https:\/\/cdhs.colorado.gov\/dvp\">DVP: Oficina de la Infancia, la Juventud y la Familia <\/a><br><a href=\"tel:303-866-3150\">303-866-3150<\/a> (Oficina)<\/span>\n\t\t\t\t\t\t\t\t\t<\/li>\n\t\t\t\t\t\t\t\t<li class=\"elementor-icon-list-item\">\n\t\t\t\t\t\t\t\t\t\t<span class=\"elementor-icon-list-text\"><a target=\"_blank\" href=\"https:\/\/www.housingcolorado.org\/?\">Vivienda Colorado<\/a> <br><a href=\"tel:720-744-2251\">720-744-2251<\/a> (Oficina)<\/span>\n\t\t\t\t\t\t\t\t\t<\/li>\n\t\t\t\t\t\t\t\t<li class=\"elementor-icon-list-item\">\n\t\t\t\t\t\t\t\t\t\t<span class=\"elementor-icon-list-text\"><a target=\"_blank\" href=\"https:\/\/www.catholiccharitiesusa.org\/what-we-do\/affordable-housing\/\">Servicios de Gesti\u00f3n de la Vivienda (Caridades Cat\u00f3licas)<\/a><\/span>\n\t\t\t\t\t\t\t\t\t<\/li>\n\t\t\t\t\t\t\t\t<li class=\"elementor-icon-list-item\">\n\t\t\t\t\t\t\t\t\t\t<span class=\"elementor-icon-list-text\"><a target=\"_blank\" href=\"https:\/\/jamlac.org\/\">Centro de Asistencia Jur\u00eddica Justicia y Misericordia (JAMLAC) <\/a><br><a href=\"tel:303-839-1008\">303-839-1008<\/a><\/span>\n\t\t\t\t\t\t\t\t\t<\/li>\n\t\t\t\t\t\t\t\t<li class=\"elementor-icon-list-item\">\n\t\t\t\t\t\t\t\t\t\t<span class=\"elementor-icon-list-text\"><a target=\"_blank\" href=\"https:\/\/www.longmontdomesticviolence.org\/\">Iniciativa para Acabar con la Violencia en Longmont (LEVI <\/a><a href=\"303-774-4534\">)<br>303-774-4534<\/a> (Oficina)<\/span>\n\t\t\t\t\t\t\t\t\t<\/li>\n\t\t\t\t\t\t\t\t<li class=\"elementor-icon-list-item\">\n\t\t\t\t\t\t\t\t\t\t<span class=\"elementor-icon-list-text\"><a target=\"_blank\" href=\"https:\/\/www.projectpave.org\/\">Proyecto PAVE<\/a><br><a href=\"tel:303-322-2382\">303-322-2382<\/a> (Oficina)<\/span>\n\t\t\t\t\t\t\t\t\t<\/li>\n\t\t\t\t\t\t\t\t<li class=\"elementor-icon-list-item\">\n\t\t\t\t\t\t\t\t\t\t<span class=\"elementor-icon-list-text\"><a target=\"_blank\" href=\"https:\/\/slvirc.org\/?fbclid=IwZXh0bgNhZW0CMTAAAR3IEn9oe6nEMjve0or9FOD8Koua8h1mzgUoxasRPUyC-rGIRaVCjmrCtzE_aem_AdOW5ziJirOXoob71O2l2SdkQG-Ab8WiC4ursLkdvEntnfSfuX6s3prCbo1FSMvY0IDzshk4zQzHX2WLfVp8dW-4\">Centro de Recursos para Inmigrantes del Valle de San Luis<\/a><br> <a href=\"tel:719-587-3225\">719-587-3225<\/a> (Oficina)<\/span>\n\t\t\t\t\t\t\t\t\t<\/li>\n\t\t\t\t\t\t\t\t<li class=\"elementor-icon-list-item\">\n\t\t\t\t\t\t\t\t\t\t<span class=\"elementor-icon-list-text\"><a target=\"_blank\" href=\"http:\/\/sarahouseco.org\/\">Casa SARA<\/a><br> 970-867-2121 (Oficina)<\/span>\n\t\t\t\t\t\t\t\t\t<\/li>\n\t\t\t\t\t\t\t\t<li class=\"elementor-icon-list-item\">\n\t\t\t\t\t\t\t\t\t\t<span class=\"elementor-icon-list-text\"><a target=\"_blank\" href=\"https:\/\/childlawcenter.org\/\">Centro Jur\u00eddico Infantil de las Monta\u00f1as Rocosas<\/a><br><a href=\"tel:303-692-1165\">303-692-1165<\/a><\/span>\n\t\t\t\t\t\t\t\t\t<\/li>\n\t\t\t\t\t\t\t\t<li class=\"elementor-icon-list-item\">\n\t\t\t\t\t\t\t\t\t\t<span class=\"elementor-icon-list-text\"><a target=\"_blank\" href=\"http:\/\/www.rmvictimlaw.org\/\">Centro Jur\u00eddico de V\u00edctimas de las Monta\u00f1as Rocosas<\/a><br> <a href=\"tel:%20303-295-2001\">303-295-2001<\/a><\/span>\n\t\t\t\t\t\t\t\t\t<\/li>\n\t\t\t\t\t\t\t\t<li class=\"elementor-icon-list-item\">\n\t\t\t\t\t\t\t\t\t\t<span class=\"elementor-icon-list-text\"><a target=\"_blank\" href=\"https:\/\/www.wingsfound.org\/\">Fundaci\u00f3n ALAS<\/a><br><a href=\"tel:720-424-8881\">720-424-8881<\/a> (Oficina)<\/span>\n\t\t\t\t\t\t\t\t\t<\/li>\n\t\t\t\t\t\t<\/ul>\n\t\t\t\t\t\t<\/div>\n\t\t\t\t<\/div>\n\t\t\t\t<\/div>\n\t\t\t\t\t<\/div>\n\t\t\t\t<\/div>\n\t\t<div class=\"elementor-element elementor-element-0e46319 e-flex e-con-boxed e-con e-parent\" data-id=\"0e46319\" data-element_type=\"container\" data-e-type=\"container\">\n\t\t\t\t\t<div class=\"e-con-inner\">\n\t\t\t\t<div class=\"elementor-element elementor-element-640c48b exad-sticky-section-no exad-glass-effect-no elementor-invisible elementor-widget elementor-widget-text-editor\" data-id=\"640c48b\" data-element_type=\"widget\" data-e-type=\"widget\" data-settings=\"{&quot;_animation&quot;:&quot;fadeInUp&quot;}\" data-widget_type=\"text-editor.default\">\n\t\t\t\t<div class=\"elementor-widget-container\">\n\t\t\t\t\t\t\t\t\t<p class=\"key\"><span class=\"key-logo\">CLAVE: <img decoding=\"async\" data-src=\"\/wp-content\/uploads\/2024\/07\/vfc-icon.svg\" src=\"data:image\/svg+xml;base64,PHN2ZyB3aWR0aD0iMSIgaGVpZ2h0PSIxIiB4bWxucz0iaHR0cDovL3d3dy53My5vcmcvMjAwMC9zdmciPjwvc3ZnPg==\" class=\"lazyload\"><\/span> <span class=\"key-p\">Socio comunitario de Colorado Libre de Violencia<\/span><\/p>\t\t\t\t\t\t\t\t<\/div>\n\t\t\t\t<\/div>\n\t\t\t\t\t<\/div>\n\t\t\t\t<\/div>\n\t\t<div class=\"elementor-element elementor-element-8552543 e-flex e-con-boxed e-con e-parent\" data-id=\"8552543\" data-element_type=\"container\" data-e-type=\"container\">\n\t\t\t\t\t<div class=\"e-con-inner\">\n\t\t\t\t<div class=\"elementor-element elementor-element-22fb1a5 with-bg-lines exad-sticky-section-no exad-glass-effect-no elementor-invisible elementor-widget elementor-widget-heading\" data-id=\"22fb1a5\" data-element_type=\"widget\" data-e-type=\"widget\" data-settings=\"{&quot;_animation&quot;:&quot;fadeInUp&quot;}\" data-widget_type=\"heading.default\">\n\t\t\t\t<div class=\"elementor-widget-container\">\n\t\t\t\t\t<h2 class=\"elementor-heading-title elementor-size-default\"> <span class=\"main\">Recursos nacionales<\/span><\/h2>\t\t\t\t<\/div>\n\t\t\t\t<\/div>\n\t\t\t\t\t<\/div>\n\t\t\t\t<\/div>\n\t\t<div class=\"elementor-element elementor-element-a2d507a li-with-logo e-flex e-con-boxed elementor-invisible e-con e-parent\" data-id=\"a2d507a\" data-element_type=\"container\" data-e-type=\"container\" id=\"gradient-bg\" data-settings=\"{&quot;animation&quot;:&quot;fadeInUp&quot;}\">\n\t\t\t\t\t<div class=\"e-con-inner\">\n\t\t<div class=\"elementor-element elementor-element-389c198 e-con-full e-flex e-con e-child\" data-id=\"389c198\" data-element_type=\"container\" data-e-type=\"container\">\n\t\t\t\t<div class=\"elementor-element elementor-element-9676d13 elementor-align-start elementor-icon-list--layout-traditional elementor-list-item-link-full_width exad-sticky-section-no exad-glass-effect-no elementor-widget elementor-widget-icon-list\" data-id=\"9676d13\" data-element_type=\"widget\" data-e-type=\"widget\" data-widget_type=\"icon-list.default\">\n\t\t\t\t<div class=\"elementor-widget-container\">\n\t\t\t\t\t\t\t<ul class=\"elementor-icon-list-items\">\n\t\t\t\t\t\t\t<li class=\"elementor-icon-list-item\">\n\t\t\t\t\t\t\t\t\t\t<span class=\"elementor-icon-list-text\"><a target=\"_blank\" href=\"https:\/\/acallforchangehelpline.org\/\">L\u00ednea de ayuda \"Una llamada al cambio<\/a><br> <a href=\"tel:877-898-3411\">877-898-3411<\/a><\/span>\n\t\t\t\t\t\t\t\t\t<\/li>\n\t\t\t\t\t\t\t\t<li class=\"elementor-icon-list-item\">\n\t\t\t\t\t\t\t\t\t\t<span class=\"elementor-icon-list-text\"><a target=\"_blank\" href=\"https:\/\/www.amnesty.org\/en\/what-we-do\/discrimination\/womens-rights\/\">Amnist\u00eda Internacional EE.UU., Programa de Derechos Humanos de la Mujer<\/a><br> <a href=\"tel:+44%2020%207413%205500\">+44 20 7413 5500<\/a><\/span>\n\t\t\t\t\t\t\t\t\t<\/li>\n\t\t\t\t\t\t\t\t<li class=\"elementor-icon-list-item\">\n\t\t\t\t\t\t\t\t\t\t<span class=\"elementor-icon-list-text\"><a target=\"_blank\" href=\"http:\/\/www.avp.org\/\">Proyecto Antiviolencia <\/a><br><a href=\"tel:212-714-1141\">212-714-1141<\/a><\/span>\n\t\t\t\t\t\t\t\t\t<\/li>\n\t\t\t\t\t\t\t\t<li class=\"elementor-icon-list-item\">\n\t\t\t\t\t\t\t\t\t\t<span class=\"elementor-icon-list-text\"><a target=\"_blank\" href=\"https:\/\/nuestrasvocesconf.wixsite.com\/artesana\">Arte Sana<\/a><\/span>\n\t\t\t\t\t\t\t\t\t<\/li>\n\t\t\t\t\t\t\t\t<li class=\"elementor-icon-list-item\">\n\t\t\t\t\t\t\t\t\t\t<span class=\"elementor-icon-list-text\"><a target=\"_blank\" href=\"https:\/\/asistahelp.org\/\">ASISTA Asistencia de Inmigraci\u00f3n<\/a><br> <a href=\"tel:860-758-0733\">860-758-0733<\/a><\/span>\n\t\t\t\t\t\t\t\t\t<\/li>\n\t\t\t\t\t\t\t\t<li class=\"elementor-icon-list-item\">\n\t\t\t\t\t\t\t\t\t\t<span class=\"elementor-icon-list-text\"><a target=\"_blank\" href=\"http:\/\/www.elluminatewomen.org\/\">Elluminate<\/a><br> <a href=\"tel:212-836-1478\">212-836-1478<\/a><\/span>\n\t\t\t\t\t\t\t\t\t<\/li>\n\t\t\t\t\t\t<\/ul>\n\t\t\t\t\t\t<\/div>\n\t\t\t\t<\/div>\n\t\t\t\t<\/div>\n\t\t<div class=\"elementor-element elementor-element-4f23237 e-con-full e-flex e-con e-child\" data-id=\"4f23237\" data-element_type=\"container\" data-e-type=\"container\">\n\t\t\t\t<div class=\"elementor-element elementor-element-369e236 elementor-align-start elementor-icon-list--layout-traditional elementor-list-item-link-full_width exad-sticky-section-no exad-glass-effect-no elementor-widget elementor-widget-icon-list\" data-id=\"369e236\" data-element_type=\"widget\" data-e-type=\"widget\" data-widget_type=\"icon-list.default\">\n\t\t\t\t<div class=\"elementor-widget-container\">\n\t\t\t\t\t\t\t<ul class=\"elementor-icon-list-items\">\n\t\t\t\t\t\t\t<li class=\"elementor-icon-list-item\">\n\t\t\t\t\t\t\t\t\t\t<span class=\"elementor-icon-list-text\"><a target=\"_blank\" href=\"https:\/\/mcsr.org\/\">Los hombres pueden impedir las violaciones<\/a><br> <a href=\"tel:202-265-6530\">202-265-6530<\/a><\/span>\n\t\t\t\t\t\t\t\t\t<\/li>\n\t\t\t\t\t\t\t\t<li class=\"elementor-icon-list-item\">\n\t\t\t\t\t\t\t\t\t\t<span class=\"elementor-icon-list-text\"><a target=\"_blank\" href=\"https:\/\/www.wcl.american.edu\/impact\/initiatives-programs\/niwap\/\">Proyecto Nacional de Defensa de las Mujeres Inmigrantes<\/a><br> <a href=\"tel:202-274-4457\">202-274-4457<\/a><\/span>\n\t\t\t\t\t\t\t\t\t<\/li>\n\t\t\t\t\t\t\t\t<li class=\"elementor-icon-list-item\">\n\t\t\t\t\t\t\t\t\t\t<span class=\"elementor-icon-list-text\"><a target=\"_blank\" href=\"https:\/\/www.nsvrc.org\/\">Centro Nacional de Recursos contra la Violencia Sexual<\/a><br> <a href=\"tel:877-739-3895\">877-739-3895<\/a><\/span>\n\t\t\t\t\t\t\t\t\t<\/li>\n\t\t\t\t\t\t\t\t<li class=\"elementor-icon-list-item\">\n\t\t\t\t\t\t\t\t\t\t<span class=\"elementor-icon-list-text\"><a target=\"_blank\" href=\"http:\/\/nwnetwork.org\/\">Red Noroeste de Supervivientes Trans y Queer<\/a><br> <a href=\"tel:206-568-7777\">206-568-7777<\/a><\/span>\n\t\t\t\t\t\t\t\t\t<\/li>\n\t\t\t\t\t\t\t\t<li class=\"elementor-icon-list-item\">\n\t\t\t\t\t\t\t\t\t\t<span class=\"elementor-icon-list-text\"><a target=\"_blank\" href=\"http:\/\/www.rainn.org\/\">Red Nacional contra la Violaci\u00f3n, el Maltrato y el Incesto (RAINN)<\/a><br> <a href=\"tel:800-656-4673\">800-656-4673<\/a><\/span>\n\t\t\t\t\t\t\t\t\t<\/li>\n\t\t\t\t\t\t\t\t<li class=\"elementor-icon-list-item\">\n\t\t\t\t\t\t\t\t\t\t<span class=\"elementor-icon-list-text\"><a target=\"_blank\" href=\"http:\/\/www.victimsofcrime.org\/our-programs\/stalking-resource-center\">Centro de Recursos contra el Acoso (Centro Nacional para las V\u00edctimas del Delito)<\/a><br> <a href=\"tel:202-467-8700\">202-467-8700<\/a><\/span>\n\t\t\t\t\t\t\t\t\t<\/li>\n\t\t\t\t\t\t<\/ul>\n\t\t\t\t\t\t<\/div>\n\t\t\t\t<\/div>\n\t\t\t\t<\/div>\n\t\t\t\t\t<\/div>\n\t\t\t\t<\/div>\n\t\t\t\t<\/div>\n\t\t","protected":false},"excerpt":{"rendered":"<p>A continuaci\u00f3n figura una lista de socios comunitarios con recursos tanto a nivel nacional como estatal. Aunque no est\u00e1n directamente afiliadas a los servicios de VD, estas organizaciones ofrecen apoyo [&hellip;]<\/p>\n","protected":false},"author":1,"featured_media":0,"parent":16311,"menu_order":0,"comment_status":"closed","ping_status":"closed","template":"","meta":{"_acf_changed":false,"inline_featured_image":false,"site-sidebar-layout":"no-sidebar","site-content-layout":"","ast-site-content-layout":"full-width-container","site-content-style":"default","site-sidebar-style":"default","ast-global-header-display":"","ast-banner-title-visibility":"","ast-main-header-display":"","ast-hfb-above-header-display":"","ast-hfb-below-header-display":"","ast-hfb-mobile-header-display":"","site-post-title":"disabled","ast-breadcrumbs-content":"","ast-featured-img":"disabled","footer-sml-layout":"","ast-disable-related-posts":"","theme-transparent-header-meta":"","adv-header-id-meta":"","stick-header-meta":"","header-above-stick-meta":"","header-main-stick-meta":"","header-below-stick-meta":"","astra-migrate-meta-layouts":"default","ast-page-background-enabled":"default","ast-page-background-meta":{"desktop":{"background-color":"var(--ast-global-color-4)","background-image":"","background-repeat":"repeat","background-position":"center center","background-size":"auto","background-attachment":"scroll","background-type":"","background-media":"","overlay-type":"","overlay-color":"","overlay-opacity":"","overlay-gradient":""},"tablet":{"background-color":"","background-image":"","background-repeat":"repeat","background-position":"center center","background-size":"auto","background-attachment":"scroll","background-type":"","background-media":"","overlay-type":"","overlay-color":"","overlay-opacity":"","overlay-gradient":""},"mobile":{"background-color":"","background-image":"","background-repeat":"repeat","background-position":"center center","background-size":"auto","background-attachment":"scroll","background-type":"","background-media":"","overlay-type":"","overlay-color":"","overlay-opacity":"","overlay-gradient":""}},"ast-content-background-meta":{"desktop":{"background-color":"var(--ast-global-color-5)","background-image":"","background-repeat":"repeat","background-position":"center center","background-size":"auto","background-attachment":"scroll","background-type":"","background-media":"","overlay-type":"","overlay-color":"","overlay-opacity":"","overlay-gradient":""},"tablet":{"background-color":"var(--ast-global-color-5)","background-image":"","background-repeat":"repeat","background-position":"center center","background-size":"auto","background-attachment":"scroll","background-type":"","background-media":"","overlay-type":"","overlay-color":"","overlay-opacity":"","overlay-gradient":""},"mobile":{"background-color":"var(--ast-global-color-5)","background-image":"","background-repeat":"repeat","background-position":"center center","background-size":"auto","background-attachment":"scroll","background-type":"","background-media":"","overlay-type":"","overlay-color":"","overlay-opacity":"","overlay-gradient":""}},"footnotes":""},"class_list":["post-16191","page","type-page","status-publish","hentry"],"acf":[],"_links":{"self":[{"href":"https:\/\/violencefreecolorado.org\/es\/wp-json\/wp\/v2\/pages\/16191","targetHints":{"allow":["GET"]}}],"collection":[{"href":"https:\/\/violencefreecolorado.org\/es\/wp-json\/wp\/v2\/pages"}],"about":[{"href":"https:\/\/violencefreecolorado.org\/es\/wp-json\/wp\/v2\/types\/page"}],"author":[{"embeddable":true,"href":"https:\/\/violencefreecolorado.org\/es\/wp-json\/wp\/v2\/users\/1"}],"replies":[{"embeddable":true,"href":"https:\/\/violencefreecolorado.org\/es\/wp-json\/wp\/v2\/comments?post=16191"}],"version-history":[{"count":1,"href":"https:\/\/violencefreecolorado.org\/es\/wp-json\/wp\/v2\/pages\/16191\/revisions"}],"predecessor-version":[{"id":16194,"href":"https:\/\/violencefreecolorado.org\/es\/wp-json\/wp\/v2\/pages\/16191\/revisions\/16194"}],"up":[{"embeddable":true,"href":"https:\/\/violencefreecolorado.org\/es\/wp-json\/wp\/v2\/pages\/16311"}],"wp:attachment":[{"href":"https:\/\/violencefreecolorado.org\/es\/wp-json\/wp\/v2\/media?parent=16191"}],"curies":[{"name":"wp","href":"https:\/\/api.w.org\/{rel}","templated":true}]}}